{"id":1331,"date":"2026-01-15T11:42:26","date_gmt":"2026-01-15T10:42:26","guid":{"rendered":"https:\/\/geoplanning.es\/?page_id=1331"},"modified":"2026-04-15T08:34:40","modified_gmt":"2026-04-15T06:34:40","slug":"politica-de-cookies","status":"publish","type":"page","link":"https:\/\/geoplanning.es\/ca\/politica-de-cookies\/","title":{"rendered":"Pol\u00edtica de cookies"},"content":{"rendered":"<div data-elementor-type=\"wp-page\" data-elementor-id=\"1331\" class=\"elementor elementor-1331\" data-elementor-post-type=\"page\">\n\t\t\t\t<div class=\"elementor-element elementor-element-117e5dbc e-flex e-con-boxed e-con e-parent\" data-id=\"117e5dbc\" data-element_type=\"container\" data-e-type=\"container\">\n\t\t\t\t\t<div class=\"e-con-inner\">\n\t\t\t\t<div class=\"elementor-element elementor-element-2885e475 elementor-widget elementor-widget-text-editor\" data-id=\"2885e475\" data-element_type=\"widget\" data-e-type=\"widget\" data-widget_type=\"text-editor.default\">\n\t\t\t\t<div class=\"elementor-widget-container\">\n\t\t\t\t\t\t\t\t\t\n<p>La present Pol\u00edtica de Cookies t\u00e9 com a finalitat informar de manera clara, transparent i accessible sobre l\u2019\u00fas de cookies i tecnologies similars en aquest lloc web, en compliment de la Llei 34\/2002 (LSSI-CE), el Reglament (UE) 2016\/679 (RGPD), la Llei org\u00e0nica 3\/2018 (LOPDGDD) i la Guia sobre l\u2019\u00fas de cookies de l\u2019AEPD (maig de 2024).<\/p>\n\n<p>\u00a0<\/p>\n<p>L\u2019usuari podr\u00e0 con\u00e8ixer amb quines finalitats s\u2019utilitzen les cookies, disposa tamb\u00e9 de la possibilitat de configurar-les per acceptar-ne o rebutjar-ne totalment o parcialment l\u2019\u00fas i, a m\u00e9s, obtindr\u00e0 informaci\u00f3 addicional per con\u00e8ixer informaci\u00f3 completa sobre el seu significat, configuraci\u00f3, finalitats i drets.<\/p>\n\n<p>\u00a0<\/p>\n<p>Aquest lloc web utilitza cookies pr\u00f2pies i de terceres entitats, amb la finalitat d\u2019oferir una experi\u00e8ncia de navegaci\u00f3 satisfact\u00f2ria per a l\u2019usuari, fer m\u00e8triques i estad\u00edstiques, aix\u00ed com accions de m\u00e0rqueting. Si l\u2019usuari no est\u00e0 d\u2019acord amb alguna de les finalitats, pot personalitzar les opcions des d\u2019aquesta pol\u00edtica.<\/p>\n\n<p>\u00a0<\/p>\n<p>L\u2019usuari permet la utilitzaci\u00f3 i instal\u00b7laci\u00f3 de les cookies amb les finalitats descrites al panell de configuraci\u00f3 de cookies.<\/p>\n\n<p>A m\u00e9s, aquest lloc web pot disposar d\u2019enlla\u00e7os a llocs web de tercers, les pol\u00edtiques de privacitat, pol\u00edtiques de cookies i textos legals dels quals s\u00f3n aliens al titular del present lloc web. En accedir a aquests llocs web mitjan\u00e7ant els esmentats enlla\u00e7os, l\u2019usuari \u00e9s lliure de decidir si accepta o rebutja els apartats esmentats.<\/p>\n\n<p>\u00a0<\/p>\n<p>Per accedir al panell de configuraci\u00f3 de cookies, on l\u2019usuari podr\u00e0 acceptar o rebutjar les cookies, de manera total o parcial, premi aqu\u00ed:<\/p>\n\n<p>\u00a0<\/p>\n<p class=\"wp-block-heading\"><span style=\"text-decoration: underline;\">1.\tDefinici\u00f3 i funci\u00f3 de les cookies<\/span><\/p>\n\n<p>Una cookie \u00e9s un petit fitxer creat per un lloc d\u2019Internet per emmagatzemar informaci\u00f3 al seu equip, com ara les prefer\u00e8ncies quan es visita un web. Quan s\u2019accedeix a una p\u00e0gina web que utilitza cookies, aquesta sol\u00b7licita al navegador que desi una o m\u00e9s cookies al disc dur. Les cookies sovint guarden la configuraci\u00f3 dels llocs web, com ara l\u2019idioma preferit o la ubicaci\u00f3; aix\u00ed, quan l\u2019usuari torna a aquella p\u00e0gina web, el navegador envia de nou les cookies que li pertanyen, cosa que permet prestar servei i informaci\u00f3 personalitzada segons les necessitats. Les cookies tamb\u00e9 poden arribar a desar informaci\u00f3 que identifiqui personalment els usuaris; no obstant aix\u00f2, aquest lloc web no utilitza aquest tipus de cookies i nom\u00e9s tindr\u00e0 acc\u00e9s a la informaci\u00f3 personal que vost\u00e8 proporcioni a trav\u00e9s dels formularis de contacte o per correu electr\u00f2nic. Es pot canviar la configuraci\u00f3 de cookies del navegador que vost\u00e8 utilitza perqu\u00e8 permeti aprovar o rebutjar autom\u00e0ticament les peticions d\u2019emmagatzematge de cookies quan es tanca el navegador i altres opcions addicionals.<\/p>\n<p>\u00a0<\/p>\n\n<p class=\"wp-block-heading\"><span style=\"text-decoration: underline;\">2.\tTipus de cookies<\/span><\/p>\n\n<p>Les cookies es poden classificar de manera global atenent tres blocs en funci\u00f3 de l\u2019\u00e0mbit d\u2019estudi:<\/p>\n\n<p><strong>a) Tipus de cookies segons l\u2019entitat que les gestioni<\/strong><\/p>\n\n<p>Segons quina sigui l\u2019entitat que gestiona el domini del lloc web des d\u2019on s\u2019envien les cookies i es tracten les dades que s\u2019obtenen, tenim:<\/p>\n<ul>\n<li>Cookies pr\u00f2pies: aquelles que s\u2019envien al dispositiu de l\u2019usuari des de la mateixa p\u00e0gina web que visita.<\/li>\n<li>Cookies de tercers: aquelles que s\u2019envien al dispositiu de l\u2019usuari des d\u2019un domini que no \u00e9s gestionat pel titular del domini que visita l\u2019usuari, sin\u00f3 per una altra entitat que tracta les dades obtingudes a trav\u00e9s de les cookies, com ara Google. At\u00e8s que s\u00f3n aquests tercers els que procedeixen a la seva implementaci\u00f3, el bloqueig i la desinstal\u00b7laci\u00f3 es gestionen segons les seves condicions i mecanismes espec\u00edfics.<\/li>\n<\/ul>\n\n<p>\u00a0<\/p>\n<p><strong>b) Tipus de cookies segons el temps que romanen actives al dispositiu:<\/strong><\/p>\n\n<p>Atenent el temps durant el qual les cookies romanen allotjades i activades al dispositiu de l\u2019usuari, tenim:<\/p>\n<ul>\n<li>Cookies de sessi\u00f3: dissenyades per recollir i emmagatzemar dades mentre l\u2019usuari accedeix a una p\u00e0gina web. Aquestes cookies s\u2019emmagatzemen al seu dispositiu fins que finalitza la sessi\u00f3 de navegaci\u00f3 de l\u2019usuari.<\/li>\n<li>Cookies persistents: dissenyades per romandre actives al dispositiu des d\u2019uns minuts fins a diversos anys, i les dades continuen emmagatzemades al dispositiu i poden ser accedides i tractades durant un per\u00edode definit pel responsable de la cookie.<\/li>\n<\/ul>\n\n<p>\u00a0<\/p>\n<p><strong>c) Tipus de cookies segons la seva finalitat<\/strong><\/p>\n\n<p>En funci\u00f3 de l\u2019objectiu pel qual un lloc web utilitza cookies, tenim de manera gen\u00e8rica:<\/p>\n<ul>\n<li>Cookies t\u00e8cniques: permeten, per exemple, saber si l\u2019usuari ja va visitar anteriorment el lloc web i va acceptar o rebutjar les cookies, identificant-lo quan es connecta al lloc web.<\/li>\n<li>Cookies de prefer\u00e8ncies: permeten adaptar la presentaci\u00f3 del lloc web a les prefer\u00e8ncies de l\u2019usuari, per exemple, segons l\u2019idioma utilitzat, la resoluci\u00f3 del dispositiu, el navegador utilitzat, etc. En definitiva, simplement milloren l\u2019experi\u00e8ncia d\u2019usuari.<\/li>\n<li>Cookies anal\u00edtiques: permeten, en funci\u00f3 de les prefer\u00e8ncies de l\u2019usuari, establir estad\u00edstiques i el volum de visites, tr\u00e0nsit web, mesuraments i \u00fas dels diferents elements que formen el lloc web, amb l\u2019objectiu de millorar el lloc i els serveis.<\/li>\n<li>Cookies de m\u00e0rqueting i\/o publicit\u00e0ries:<strong><br \/><\/strong>s\u00f3n aquelles que s\u2019utilitzen de manera general per obtenir un perfil d\u2019usuari, con\u00e8ixer les seves prefer\u00e8ncies i mostrar-li publicitat personalitzada. Es pot crear un perfil sobre vost\u00e8 i els seus interessos per mostrar-li contingut personalitzat que pugui ser-li pertinent.<\/li>\n<\/ul>\n\n<p>\u00a0<\/p>\n<p class=\"wp-block-heading\"><span style=\"text-decoration: underline;\">3.\tQuines cookies utilitzem en aquest lloc web?<\/span><\/p>\n\n<p><strong>a) Cookies t\u00e9cnicas (no requieren consentimiento)<\/strong><\/p>\n\n<figure class=\"wp-block-table\">\n<table class=\"has-fixed-layout\">\n<tbody>\n<tr>\n<td><strong>Nom<\/strong><\/td>\n<td><strong>Descripci\u00f3<\/strong><\/td>\n<td><strong>Responsable<\/strong><\/td>\n<td><strong>Durada<\/strong><\/td>\n<\/tr>\n<tr>\n<td>cookieConsentiment<\/td>\n<td>Gestiona si l\u2019usuari ha acceptat o rebutjat les cookies<\/td>\n<td>Cosmo Media, S.L.<\/td>\n<td>48 hores<\/td>\n<\/tr>\n<tr>\n<td>estad\u00edtiquesConsentiment<\/td>\n<td>Controla si l\u2019usuari ha acceptat les cookies d\u2019estad\u00edstiques<\/td>\n<td>Cosmo Media, S.L<\/td>\n<td>48 hores<\/td>\n<\/tr>\n<tr>\n<td>marketingConsentiment<\/td>\n<td>Controla si l\u2019usuari ha acceptat les cookies de m\u00e0rqueting<\/td>\n<td>Cosmo Media, S.L.<\/td>\n<td>48 hores<\/td>\n<\/tr>\n<tr>\n<td>prefer\u00e8nciasConsentiment<\/td>\n<td>Controla si l\u2019usuari ha acceptat les cookies de prefer\u00e8ncies<\/td>\n<td>Cosmo Media, S.L.<\/td>\n<td>48 hores<\/td>\n<\/tr>\n<tr>\n<td>PHPSESSID<\/td>\n<td>Identificador de la sessi\u00f3<\/td>\n<td>Cosmo Media, S.L.<\/td>\n<td>24 horas<\/td>\n<\/tr>\n<tr>\n<td>device_view<\/td>\n<td>Controla la mida del dispositiu<\/td>\n<td>Cosmo Media, S.L.<\/td>\n<td>64 horas<\/td>\n<\/tr>\n<\/tbody>\n<\/table>\n<\/figure>\n\n<p><strong>b) Cookies de prefer\u00e8ncies<br \/><\/strong>Actualment, aquest lloc web no utilitza cookies de prefer\u00e8ncies.<\/p>\n\n<p><strong>c) Cookies estad\u00edstiques o anal\u00edtiques (pot portar o no aquestes cookies i requereixen consentiment)<\/strong><\/p>\n\n<figure class=\"wp-block-table\">\n<table class=\"has-fixed-layout\">\n<tbody>\n<tr>\n<td><strong>Nom<\/strong><\/td>\n<td><strong>Servei<\/strong><\/td>\n<td><strong>Descripci\u00f3<\/strong><\/td>\n<td><strong>Responsable<\/strong><\/td>\n<td><strong>Durada<\/strong><\/td>\n<\/tr>\n<tr>\n<td>_ga<\/td>\n<td>Google Analytics<\/td>\n<td>Anal\u00edtica d\u2019\u00fas: nombre de visitants, p\u00e0gines vistes, durada de la sessi\u00f3, origen geogr\u00e0fic<\/td>\n<td>Google LLC<\/td>\n<td>2 anys<\/td>\n<\/tr>\n<tr>\n<td>_gid<\/td>\n<td>Google Analytics<\/td>\n<td>Emmagatzema i actualitza un valor \u00fanic per a cada p\u00e0gina visitada<\/td>\n<td>Google LLC<\/td>\n<td>1 d\u00eda<\/td>\n<\/tr>\n<tr>\n<td>_gat<\/td>\n<td>Google Analytics<\/td>\n<td>Limita la recopilaci\u00f3 de dades en llocs d\u2019alt tr\u00e0nsit<\/td>\n<td>Google LLC<\/td>\n<td>1 minut<\/td>\n<\/tr>\n<tr>\n<td>_pk_id<\/td>\n<td>Matomo<\/td>\n<td>Identifica l\u2019usuari \u00fanic (si s\u2019han acceptat cookies d\u2019estad\u00edstiques)<\/td>\n<td>Matomo, Inc.<\/td>\n<td>393 dies<\/td>\n<\/tr>\n<tr>\n<td>_pk_ses<\/td>\n<td>Matomo<\/td>\n<td>Emmagatzema temporalment dades sobre la visita de l\u2019usuari (si s\u2019han acceptat cookies d\u2019estad\u00edstiques)<\/td>\n<td>Matomo, Inc.<\/td>\n<td>32 minuts<\/td>\n<\/tr>\n<\/tbody>\n<\/table>\n<\/figure>\n\n<p><strong>d) Cookies de m\u00e0rqueting o publicitat anal\u00edtiques (pot portar o no aquestes cookies i requereixen consentiment)<\/strong><\/p>\n\n<figure class=\"wp-block-table\">\n<table class=\"has-fixed-layout\">\n<tbody>\n<tr>\n<td><strong>Nom<\/strong><\/td>\n<td><strong>Servei<\/strong><\/td>\n<td><strong>Descripci\u00f3<\/strong><\/td>\n<td><strong>Responsable<\/strong><\/td>\n<td><strong>Durada<\/strong><\/td>\n<\/tr>\n<tr>\n<td>Google Maps<\/td>\n<td>Google<\/td>\n<td>Mostrar mapes interactius, cookies d\u2019an\u00e0lisi\/m\u00e0rqueting<\/td>\n<td>Google LLC<\/td>\n<td>Segons el servei<\/td>\n<\/tr>\n<tr>\n<td>Youtube<\/td>\n<td>Google<\/td>\n<td>Reproducci\u00f3 de v\u00eddeos i cookies anal\u00edtiques\/de m\u00e0rqueting<\/td>\n<td>Alphabet Inc. (Google)<\/td>\n<td>Segons el servei<\/td>\n<\/tr>\n<tr>\n<td>Facebook<\/td>\n<td>Meta Plaforms ,Inc.<\/td>\n<td>Bot\u00f3 \u201cM\u2019agrada\u201d, compartir i publicitat segmentada<\/td>\n<td>Meta Platforms, Inc<\/td>\n<td>Segons el servei<\/td>\n<\/tr>\n<tr>\n<td>Instagram<\/td>\n<td>Meta Platorms, Inc.<\/td>\n<td>Perfil social incrustat, publicitat segmentada<\/td>\n<td>Meta Platforms, Inc.<\/td>\n<td>Segons el servei<\/td>\n<\/tr>\n<tr>\n<td>Twitter<\/td>\n<td>Twitter, Inc.<\/td>\n<td>Compartir contingut i mostrar perfil social<\/td>\n<td>Twitter, Inc.<\/td>\n<td>Segons el servei<\/td>\n<\/tr>\n<tr>\n<td>Vimeo<\/td>\n<td>Vimeo, Inc.<\/td>\n<td>Reproducci\u00f3 de v\u00eddeos i publicitat associada<\/td>\n<td>Vimeo, Inc.<\/td>\n<td>Segons el servei<\/td>\n<\/tr>\n<tr>\n<td>Google Tag Manager<\/td>\n<td>Google<\/td>\n<td>Administra etiquetes que activen cookies anal\u00edtiques\/de m\u00e0rqueting<\/td>\n<td>Google LLC<\/td>\n<td>Segons la configuraci\u00f3<\/td>\n<\/tr>\n<\/tbody>\n<\/table>\n<\/figure>\n\n<p>\u00a0<\/p>\n<p class=\"wp-block-heading\"><span style=\"text-decoration: underline;\">4.\tRevocaci\u00f3 i eliminaci\u00f3 de cookies<\/span><\/p>\n\n<p>Amb car\u00e0cter general, en la navegaci\u00f3 per internet, l\u2019usuari pot acceptar o rebutjar les cookies; permetre-les, bloquejar-les, eliminar-les o desactivar-les mitjan\u00e7ant la configuraci\u00f3 a trav\u00e9s del men\u00fa d\u2019opcions del seu navegador.<\/p>\n\n<p>Per configurar el navegador, desactivar o gestionar la instal\u00b7laci\u00f3 de cookies, i que d\u2019aquesta manera s\u2019esborrin autom\u00e0ticament un cop es tanqui el navegador, l\u2019equip o el dispositiu, pot obtenir m\u00e9s informaci\u00f3 fent clic en els enlla\u00e7os seg\u00fcents que li proporcionem, en funci\u00f3 del navegador que utilitza:<\/p>\n\n<ul class=\"wp-block-list\">\n<li><a href=\"https:\/\/support.google.com\/chrome\/answer\/95647?hl=es\">Google Chrome<\/a><\/li>\n\n<li><a href=\"https:\/\/support.mozilla.org\/es\/kb\/cookies-informacion-que-los-sitios-web-guardan-en-?redirectlocale=en-US&amp;redirectslug=Cookies\">Mozilla Firefox<\/a><\/li>\n\n<li><a href=\"https:\/\/support.microsoft.com\/es-es\/windows\/microsoft-edge-datos-de-exploraci%C3%B3n-y-privacidad-bb8174ba-9d73-dcf2-9b4a-c582b4e640dd\">Edge<\/a><\/li>\n\n<li><a href=\"https:\/\/support.microsoft.com\/es-es\/windows\/eliminar-y-administrar-cookies-168dab11-0753-043d-7c16-ede5947fc64d#ie=ie-11\">Internet Explorer (Versi\u00f3 11)<\/a><\/li>\n\n<li><a href=\"https:\/\/support.microsoft.com\/es-es\/windows\/eliminar-y-administrar-cookies-168dab11-0753-043d-7c16-ede5947fc64d#ie=ie-10\">Internet Explorer (Versi\u00f3 10)<\/a><\/li>\n\n<li><a href=\"https:\/\/help.opera.com\/en\/latest\/web-preferences\/\">Opera<\/a><\/li>\n\n<li><a href=\"https:\/\/www.apple.com\/legal\/privacy\/es\/cookies\/\">Safari<\/a><\/li>\n<\/ul>\n\n<p>De manera general, la majoria de navegadors permeten l\u2019acc\u00e9s r\u00e0pid a l\u2019eliminaci\u00f3 de les dades de navegaci\u00f3 prement la combinaci\u00f3 de tecles Ctrl+Maj+Supr, des d\u2019on es poden esborrar les cookies.<\/p>\n\n<p>\u00a0<\/p>\n<p class=\"wp-block-heading\"><span style=\"text-decoration: underline;\">5.\tTransfer\u00e8ncies internacionals de dades<\/span><\/p>\n\n<p>Alguns dels tercers que instal\u00b7len cookies (Google, Meta, Twitter, Stripe, etc.) poden dur a terme transfer\u00e8ncies internacionals de dades, per exemple, als Estats Units. Aquestes transfer\u00e8ncies es fan sobre la base de decisions d\u2019adequaci\u00f3, cl\u00e0usules contractuals tipus o mecanismes equivalents d\u2019acord amb el RGPD. Per a m\u00e9s informaci\u00f3, consulti les pol\u00edtiques de cada prove\u00efdor.<\/p>\n\n<p>\u00a0<\/p>\n<p class=\"wp-block-heading\"><span style=\"text-decoration: underline;\">6.\tActualitzaci\u00f3 de la pol\u00edtica de cookies<\/span><\/p>\n\n<p>La present pol\u00edtica podr\u00e0 modificar-se en qualsevol moment en funci\u00f3 de canvis legislatius o de les cookies utilitzades.<\/p>\n\n<p>Darrera actualitzaci\u00f3: setembre de 2025<\/p>\n\t\t\t\t\t\t\t\t<\/div>\n\t\t\t\t<\/div>\n\t\t\t\t\t<\/div>\n\t\t\t\t<\/div>\n\t\t\t\t<\/div>","protected":false},"excerpt":{"rendered":"<p>La presente Pol\u00edtica de Cookies tiene como finalidad informar de manera clara, transparente y accesible sobre el uso de cookies y tecnolog\u00edas similares en este sitio web, en cumplimiento de la Ley 34\/2002 (LSSI-CE), el Reglamento (UE) 2016\/679 (RGPD), la Ley Org\u00e1nica 3\/2018 (LOPDGDD) y la Gu\u00eda sobre uso de cookies de la AEPD (mayo [&hellip;]<\/p>\n","protected":false},"author":1,"featured_media":0,"parent":0,"menu_order":0,"comment_status":"closed","ping_status":"closed","template":"","meta":{"footnotes":""},"class_list":["post-1331","page","type-page","status-publish","hentry"],"yoast_head":"<!-- This site is optimized with the Yoast SEO plugin v27.4 - https:\/\/yoast.com\/product\/yoast-seo-wordpress\/ -->\n<title>Pol\u00edtica de cookies - Geoplanning<\/title>\n<meta name=\"robots\" content=\"index, follow, max-snippet:-1, max-image-preview:large, max-video-preview:-1\" \/>\n<link rel=\"canonical\" href=\"https:\/\/geoplanning.es\/ca\/politica-de-cookies\/\" \/>\n<meta property=\"og:locale\" content=\"ca_ES\" \/>\n<meta property=\"og:type\" content=\"article\" \/>\n<meta property=\"og:title\" content=\"Pol\u00edtica de cookies - Geoplanning\" \/>\n<meta property=\"og:description\" content=\"La presente Pol\u00edtica de Cookies tiene como finalidad informar de manera clara, transparente y accesible sobre el uso de cookies y tecnolog\u00edas similares en este sitio web, en cumplimiento de la Ley 34\/2002 (LSSI-CE), el Reglamento (UE) 2016\/679 (RGPD), la Ley Org\u00e1nica 3\/2018 (LOPDGDD) y la Gu\u00eda sobre uso de cookies de la AEPD (mayo [&hellip;]\" \/>\n<meta property=\"og:url\" content=\"https:\/\/geoplanning.es\/ca\/politica-de-cookies\/\" \/>\n<meta property=\"og:site_name\" content=\"Geoplanning\" \/>\n<meta property=\"article:modified_time\" content=\"2026-04-15T06:34:40+00:00\" \/>\n<meta name=\"twitter:card\" content=\"summary_large_image\" \/>\n<meta name=\"twitter:label1\" content=\"Temps estimat de lectura\" \/>\n\t<meta name=\"twitter:data1\" content=\"7 minuts\" \/>\n<script type=\"application\/ld+json\" class=\"yoast-schema-graph\">{\"@context\":\"https:\\\/\\\/schema.org\",\"@graph\":[{\"@type\":\"WebPage\",\"@id\":\"https:\\\/\\\/geoplanning.es\\\/politica-de-cookies\\\/\",\"url\":\"https:\\\/\\\/geoplanning.es\\\/politica-de-cookies\\\/\",\"name\":\"Pol\u00edtica de cookies - Geoplanning\",\"isPartOf\":{\"@id\":\"https:\\\/\\\/geoplanning.es\\\/#website\"},\"datePublished\":\"2026-01-15T10:42:26+00:00\",\"dateModified\":\"2026-04-15T06:34:40+00:00\",\"breadcrumb\":{\"@id\":\"https:\\\/\\\/geoplanning.es\\\/politica-de-cookies\\\/#breadcrumb\"},\"inLanguage\":\"ca\",\"potentialAction\":[{\"@type\":\"ReadAction\",\"target\":[\"https:\\\/\\\/geoplanning.es\\\/politica-de-cookies\\\/\"]}]},{\"@type\":\"BreadcrumbList\",\"@id\":\"https:\\\/\\\/geoplanning.es\\\/politica-de-cookies\\\/#breadcrumb\",\"itemListElement\":[{\"@type\":\"ListItem\",\"position\":1,\"name\":\"Home\",\"item\":\"https:\\\/\\\/geoplanning.es\\\/\"},{\"@type\":\"ListItem\",\"position\":2,\"name\":\"Pol\u00edtica de cookies\"}]},{\"@type\":\"WebSite\",\"@id\":\"https:\\\/\\\/geoplanning.es\\\/#website\",\"url\":\"https:\\\/\\\/geoplanning.es\\\/\",\"name\":\"Geoplanning\",\"description\":\"\",\"potentialAction\":[{\"@type\":\"SearchAction\",\"target\":{\"@type\":\"EntryPoint\",\"urlTemplate\":\"https:\\\/\\\/geoplanning.es\\\/?s={search_term_string}\"},\"query-input\":{\"@type\":\"PropertyValueSpecification\",\"valueRequired\":true,\"valueName\":\"search_term_string\"}}],\"inLanguage\":\"ca\"}]}<\/script>\n<!-- \/ Yoast SEO plugin. -->","yoast_head_json":{"title":"Pol\u00edtica de cookies - Geoplanning","robots":{"index":"index","follow":"follow","max-snippet":"max-snippet:-1","max-image-preview":"max-image-preview:large","max-video-preview":"max-video-preview:-1"},"canonical":"https:\/\/geoplanning.es\/ca\/politica-de-cookies\/","og_locale":"ca_ES","og_type":"article","og_title":"Pol\u00edtica de cookies - Geoplanning","og_description":"La presente Pol\u00edtica de Cookies tiene como finalidad informar de manera clara, transparente y accesible sobre el uso de cookies y tecnolog\u00edas similares en este sitio web, en cumplimiento de la Ley 34\/2002 (LSSI-CE), el Reglamento (UE) 2016\/679 (RGPD), la Ley Org\u00e1nica 3\/2018 (LOPDGDD) y la Gu\u00eda sobre uso de cookies de la AEPD (mayo [&hellip;]","og_url":"https:\/\/geoplanning.es\/ca\/politica-de-cookies\/","og_site_name":"Geoplanning","article_modified_time":"2026-04-15T06:34:40+00:00","twitter_card":"summary_large_image","twitter_misc":{"Temps estimat de lectura":"7 minuts"},"schema":{"@context":"https:\/\/schema.org","@graph":[{"@type":"WebPage","@id":"https:\/\/geoplanning.es\/politica-de-cookies\/","url":"https:\/\/geoplanning.es\/politica-de-cookies\/","name":"Pol\u00edtica de cookies - Geoplanning","isPartOf":{"@id":"https:\/\/geoplanning.es\/#website"},"datePublished":"2026-01-15T10:42:26+00:00","dateModified":"2026-04-15T06:34:40+00:00","breadcrumb":{"@id":"https:\/\/geoplanning.es\/politica-de-cookies\/#breadcrumb"},"inLanguage":"ca","potentialAction":[{"@type":"ReadAction","target":["https:\/\/geoplanning.es\/politica-de-cookies\/"]}]},{"@type":"BreadcrumbList","@id":"https:\/\/geoplanning.es\/politica-de-cookies\/#breadcrumb","itemListElement":[{"@type":"ListItem","position":1,"name":"Home","item":"https:\/\/geoplanning.es\/"},{"@type":"ListItem","position":2,"name":"Pol\u00edtica de cookies"}]},{"@type":"WebSite","@id":"https:\/\/geoplanning.es\/#website","url":"https:\/\/geoplanning.es\/","name":"Geoplanning","description":"","potentialAction":[{"@type":"SearchAction","target":{"@type":"EntryPoint","urlTemplate":"https:\/\/geoplanning.es\/?s={search_term_string}"},"query-input":{"@type":"PropertyValueSpecification","valueRequired":true,"valueName":"search_term_string"}}],"inLanguage":"ca"}]}},"_links":{"self":[{"href":"https:\/\/geoplanning.es\/ca\/wp-json\/wp\/v2\/pages\/1331","targetHints":{"allow":["GET"]}}],"collection":[{"href":"https:\/\/geoplanning.es\/ca\/wp-json\/wp\/v2\/pages"}],"about":[{"href":"https:\/\/geoplanning.es\/ca\/wp-json\/wp\/v2\/types\/page"}],"author":[{"embeddable":true,"href":"https:\/\/geoplanning.es\/ca\/wp-json\/wp\/v2\/users\/1"}],"replies":[{"embeddable":true,"href":"https:\/\/geoplanning.es\/ca\/wp-json\/wp\/v2\/comments?post=1331"}],"version-history":[{"count":3,"href":"https:\/\/geoplanning.es\/ca\/wp-json\/wp\/v2\/pages\/1331\/revisions"}],"predecessor-version":[{"id":3570,"href":"https:\/\/geoplanning.es\/ca\/wp-json\/wp\/v2\/pages\/1331\/revisions\/3570"}],"wp:attachment":[{"href":"https:\/\/geoplanning.es\/ca\/wp-json\/wp\/v2\/media?parent=1331"}],"curies":[{"name":"wp","href":"https:\/\/api.w.org\/{rel}","templated":true}]}}