{"id":1331,"date":"2026-01-15T11:42:26","date_gmt":"2026-01-15T10:42:26","guid":{"rendered":"https:\/\/geoplanning.es\/?page_id=1331"},"modified":"2026-04-15T08:34:40","modified_gmt":"2026-04-15T06:34:40","slug":"politica-de-cookies","status":"publish","type":"page","link":"https:\/\/geoplanning.es\/en\/politica-de-cookies\/","title":{"rendered":"Cookies policy"},"content":{"rendered":"<div data-elementor-type=\"wp-page\" data-elementor-id=\"1331\" class=\"elementor elementor-1331\" data-elementor-post-type=\"page\">\n\t\t\t\t<div class=\"elementor-element elementor-element-117e5dbc e-flex e-con-boxed e-con e-parent\" data-id=\"117e5dbc\" data-element_type=\"container\" data-e-type=\"container\">\n\t\t\t\t\t<div class=\"e-con-inner\">\n\t\t\t\t<div class=\"elementor-element elementor-element-2885e475 elementor-widget elementor-widget-text-editor\" data-id=\"2885e475\" data-element_type=\"widget\" data-e-type=\"widget\" data-widget_type=\"text-editor.default\">\n\t\t\t\t<div class=\"elementor-widget-container\">\n\t\t\t\t\t\t\t\t\t\n<p>La presente Pol\u00edtica de Cookies tiene como finalidad informar de manera clara, transparente y accesible sobre el uso de cookies y tecnolog\u00edas similares en este sitio web, en cumplimiento de la Ley 34\/2002 (LSSI-CE), el Reglamento (UE) 2016\/679 (RGPD), la Ley Org\u00e1nica 3\/2018 (LOPDGDD) y la Gu\u00eda sobre uso de cookies de la AEPD (mayo 2024).<\/p>\n\n<p>\u00a0<\/p>\n<p>El usuario podr\u00e1 conocer con qu\u00e9 finalidades se utilizan las cookies, dispone tambi\u00e9n de la posibilidad de configurarlas para aceptar o rechazar de forma total o parcial su utilizaci\u00f3n y adem\u00e1s obtendr\u00e1 informaci\u00f3n adicional para conocer informaci\u00f3n completa sobre su significado, configuraci\u00f3n, finalidades y derechos.<\/p>\n\n<p>\u00a0<\/p>\n<p>Este Sitio Web utiliza cookies propias y de terceras entidades, con la finalidad de brindar una experiencia de navegaci\u00f3n satisfactoria para el usuario, realizar m\u00e9tricas y estad\u00edsticas, as\u00ed como acciones de marketing. Si el usuario no est\u00e1 de acuerdo con alguna de las finalidades, puede personalizar las opciones desde esta pol\u00edtica.<\/p>\n\n<p>\u00a0<\/p>\n<p>El usuario, permite la utilizaci\u00f3n e instalaci\u00f3n de las cookies con las finalidades descritas en el panel de configuraci\u00f3n de cookies.<\/p>\n\n<p>Adem\u00e1s, este sitio web puede disponer de enlaces a sitios web de terceros, cuyas pol\u00edticas de privacidad, pol\u00edticas de cookies y textos legales, son ajenos al titular del presente sitio web. Al acceder a dichos sitios web mediante los mencionados enlaces, el usuario es libre de decidir si acepta o rechaza los mencionados apartados.<\/p>\n\n<p>\u00a0<\/p>\n<p>Para acceder al panel de configuraci\u00f3n de cookies, donde el usuario podr\u00e1 aceptar o rechazar las cookies, de forma total o parcial, pulse aqu\u00ed:<\/p>\n\n<p>\u00a0<\/p>\n<p class=\"wp-block-heading\"><span style=\"text-decoration: underline;\">1. Definici\u00f3n y funci\u00f3n de las Cookies<\/span><\/p>\n\n<p>Una cookie es un peque\u00f1o archivo creado por un sitio de Internet para almacenar informaci\u00f3n en su equipo, como, por ejemplo, las preferencias cuando se visita una web. Cuando se accede a una p\u00e1gina web que utiliza cookies, \u00e9sta solicita al navegador que guarde una o m\u00e1s cookies en el disco duro. Las cookies a menudo guardan la configuraci\u00f3n de los sitios web, como el idioma preferido o la ubicaci\u00f3n, as\u00ed, cuando el usuario vuelve a esa p\u00e1gina Web, el navegador env\u00eda de nuevo las cookies que le pertenecen, lo que le permite prestar servicio e informaci\u00f3n personalizada en funci\u00f3n de las necesidades. Las cookies tambi\u00e9n pueden llegar a guardar informaci\u00f3n que identifique personalmente a los usuarios, sin embargo, este sitio web no utiliza este tipo de cookies, y s\u00f3lo tendr\u00e1 acceso a la informaci\u00f3n personal que usted proporcione a trav\u00e9s de los formularios de contacto o v\u00eda correo electr\u00f3nico. Se puede cambiar la configuraci\u00f3n de cookies del navegador que usted utiliza, para que le permita aprobar o rechazar autom\u00e1ticamente peticiones de almacenamiento de cookies cuando se cierra el navegador y otras opciones adicionales.<\/p>\n<p>\u00a0<\/p>\n\n<p class=\"wp-block-heading\"><span style=\"text-decoration: underline;\">2. Tipos de Cookies<\/span><\/p>\n\n<p>Las cookies se pueden clasificar de forma global atendiendo a tres bloques en funci\u00f3n del \u00e1mbito de estudio:<\/p>\n\n<p><strong>a) Tipos de cookies seg\u00fan la entidad que las gestione<\/strong><\/p>\n\n<p>Seg\u00fan quien sea la entidad que gestiona el dominio del sitio web desde donde se env\u00edan las cookies y se tratan los datos que se obtienen, se tienen:-<\/p>\n<ul>\n<li>Cookies propias: Aquellas que se env\u00edan al dispositivo del usuario desde la propia p\u00e1gina web que visita.-<\/li>\n<li>Cookies de terceros: Aquellas que se env\u00edan al dispositivo del usuario desde un dominio que no es gestionado por el titular del dominio que visita el usuario, sino por otra entidad que trata los datos obtenidos a trav\u00e9s de las cookies, como por ejemplo Google. Puesto que son estos terceros quienes proceden a su implementaci\u00f3n, el bloqueo y desinstalaci\u00f3n de las mismas se gestiona por sus condiciones y mecanismos espec\u00edficos.<\/li>\n<\/ul>\n\n<p>\u00a0<\/p>\n<p><strong>b) Tipos de cookies seg\u00fan el tiempo que permanecen activas en el dispositivo:<\/strong><\/p>\n\n<p>Atendiendo al tiempo en el que las cookies permanecen alojadas y activadas en el dispositivo del usuario, se tienen:-<\/p>\n<ul>\n<li>Cookies de sesi\u00f3n: Dise\u00f1adas para recabar y almacenar datos mientras el usuario accede a una p\u00e1gina web. Estas cookies se almacenan en su dispositivo hasta que finalice la sesi\u00f3n de navegaci\u00f3n del usuario.-<\/li>\n<li>Cookies persistentes: Dise\u00f1adas para permanecer activas en el dispositivo desde unos minutos, hasta varios a\u00f1os, y los datos siguen almacenados en el dispositivo pudiendo ser accedidos y tratados durante un periodo definido por el responsable de la cookie.<\/li>\n<\/ul>\n\n<p>\u00a0<\/p>\n<p><strong>c) Tipos de cookies seg\u00fan su finalidad:<\/strong><\/p>\n\n<p>En funci\u00f3n del objetivo por el cual un sitio web emplea cookies, se tienen de forma gen\u00e9rica:-<\/p>\n<ul>\n<li>Cookies t\u00e9cnicas: Permiten por ejemplo conocer si el usuario ya visit\u00f3 en el pasado el sitio web y acept\u00f3 o rechaz\u00f3 las cookies, identific\u00e1ndolo cuando se conecta al sitio web.-<\/li>\n<li>Cookies preferencias:\u00a0 Permiten adaptar la presentaci\u00f3n del sitio web a las preferencias del usuario, por ejemplo, seg\u00fan el idioma utilizado, la resoluci\u00f3n del dispositivo, navegador utilizado, etc. En definitiva, simplemente mejorar la experiencia de usuario.-<\/li>\n<li>Cookies anal\u00edticas:\u00a0 Permiten, dependiendo de las preferencias del usuario establecer estad\u00edsticas y el volumen de visitas, tr\u00e1fico web, mediciones y de uso de los diferentes elementos que forman el sitio web, al objeto de mejorar el sitio y mejora de los servicios.-<\/li>\n<li>Cookies de marketing y\/o publicitarias:<strong><br \/><\/strong>Son aquellas que se utilizan de forma general para obtener un perfil de usuario para conocer sus preferencias y mostrar publicidad dirigida a la carta. Se puede crear un perfil sobre usted y sus intereses para mostrarle contenido personalizado que le fuera pertinente.<\/li>\n<\/ul>\n\n<p>\u00a0<\/p>\n<p class=\"wp-block-heading\"><span style=\"text-decoration: underline;\">3. \u00bfQu\u00e9 cookies utilizamos en este sitio web?<\/span><\/p>\n\n<p><strong>a) Cookies t\u00e9cnicas (no requieren consentimiento)<\/strong><\/p>\n\n<figure class=\"wp-block-table\">\n<table class=\"has-fixed-layout\">\n<tbody>\n<tr>\n<td><strong>Nombre<\/strong><\/td>\n<td><strong>Descripci\u00f3n<\/strong><\/td>\n<td><strong>Responsable<\/strong><\/td>\n<td><strong>Duraci\u00f3n<\/strong><\/td>\n<\/tr>\n<tr>\n<td>cookieConsentimiento<\/td>\n<td>Gestiona si el usuario ha aceptado o rechazado las cookies<\/td>\n<td>Cosmo Media, S.L.<\/td>\n<td>48 horas<\/td>\n<\/tr>\n<tr>\n<td>estadisticasConsentimiento<\/td>\n<td>Controla si el usuario ha aceptado las cookies de estad\u00edsticas<\/td>\n<td>Cosmo Media, S.L<\/td>\n<td>48 horas<\/td>\n<\/tr>\n<tr>\n<td>marketingConsentimiento<\/td>\n<td>Controla si el usuario ha aceptado las cookies de marketing<\/td>\n<td>Cosmo Media, S.L.<\/td>\n<td>48 horas<\/td>\n<\/tr>\n<tr>\n<td>preferenciasConsentimiento<\/td>\n<td>Controla si el usuario ha aceptado las cookies de preferencias<\/td>\n<td>Cosmo Media, S.L.<\/td>\n<td>48 horas<\/td>\n<\/tr>\n<tr>\n<td>PHPSESSID<\/td>\n<td>Identificador de la sesi\u00f3n<\/td>\n<td>Cosmo Media, S.L.<\/td>\n<td>24 horas<\/td>\n<\/tr>\n<tr>\n<td>device_view<\/td>\n<td>Controla el tama\u00f1o del dispositivio<\/td>\n<td>Cosmo Media, S.L.<\/td>\n<td>64 horas<\/td>\n<\/tr>\n<\/tbody>\n<\/table>\n<\/figure>\n\n<p><strong>b) Cookies de preferencias<br \/><\/strong>Actualmente este sitio web no utiliza cookies de preferencias<\/p>\n\n<p><strong>c) Cookies estad\u00edsticaso anal\u00edticas (puede o no llevar estas cookies y requieren consentimiento)<\/strong><\/p>\n\n<figure class=\"wp-block-table\">\n<table class=\"has-fixed-layout\">\n<tbody>\n<tr>\n<td><strong>Nombre<\/strong><\/td>\n<td><strong>Servicio<\/strong><\/td>\n<td><strong>Descripci\u00f3n<\/strong><\/td>\n<td><strong>Responsable<\/strong><\/td>\n<td><strong>Duraci\u00f3n<\/strong><\/td>\n<\/tr>\n<tr>\n<td>_ga<\/td>\n<td>Google Analytics<\/td>\n<td>Anal\u00edtica de uso: n\u00ba visitantes, p\u00e1ginas vistas, duraci\u00f3n de sesi\u00f3n, origen geogr\u00e1fico<\/td>\n<td>Google LLC<\/td>\n<td>2 a\u00f1os<\/td>\n<\/tr>\n<tr>\n<td>_gid<\/td>\n<td>Google Analytics<\/td>\n<td>Almacena y actualiza un valor \u00fanico para cada p\u00e1gina visitada<\/td>\n<td>Google LLC<\/td>\n<td>1 d\u00eda<\/td>\n<\/tr>\n<tr>\n<td>_gat<\/td>\n<td>Google Analytics<\/td>\n<td>Limita la recopilaci\u00f3n de datos en sitios de alto tr\u00e1fico<\/td>\n<td>Google LLC<\/td>\n<td>1 minuto<\/td>\n<\/tr>\n<tr>\n<td>_pk_id<\/td>\n<td>Matomo<\/td>\n<td>Identifica al usuario \u00fanico (se se han aceptado cookies de estad\u00edsiticas)<\/td>\n<td>Matomo, Inc.<\/td>\n<td>393 d\u00edas<\/td>\n<\/tr>\n<tr>\n<td>_pk_ses<\/td>\n<td>Matomo<\/td>\n<td>Almacena temporalmente datos sobre la visita del usuario (si se han aceptado cookies de estad\u00edsticas)<\/td>\n<td>Matomo, Inc.<\/td>\n<td>32 minutos<\/td>\n<\/tr>\n<\/tbody>\n<\/table>\n<\/figure>\n\n<p><strong>d) Cookies de marketing o publicidad anal\u00edticas (puede o no llevar estas cookies y requieren consentimiento)<\/strong><\/p>\n\n<figure class=\"wp-block-table\">\n<table class=\"has-fixed-layout\">\n<tbody>\n<tr>\n<td><strong>Nombre<\/strong><\/td>\n<td><strong>Servicio<\/strong><\/td>\n<td><strong>Descripci\u00f3n<\/strong><\/td>\n<td><strong>Responsable<\/strong><\/td>\n<td><strong>Duraci\u00f3n<\/strong><\/td>\n<\/tr>\n<tr>\n<td>Google Maps<\/td>\n<td>Google<\/td>\n<td>Mostrar mapas interactivos, cookies de an\u00e1lisis\/marketing<\/td>\n<td>Google LLC<\/td>\n<td>Seg\u00fan servicio<\/td>\n<\/tr>\n<tr>\n<td>Youtube<\/td>\n<td>Google<\/td>\n<td>Reproducci\u00f3n de v\u00eddeos y cookies anal\u00edticas\/marketing<\/td>\n<td>Alphabet Inc. (Google)<\/td>\n<td>Seg\u00fan servicio<\/td>\n<\/tr>\n<tr>\n<td>Facebook<\/td>\n<td>Meta Plaforms ,Inc.<\/td>\n<td>Bot\u00f3n &#8216;Me gusta&#8217;. compartir y publicidad segmentada<\/td>\n<td>Meta Platforms, Inc<\/td>\n<td>Seg\u00fan servicio<\/td>\n<\/tr>\n<tr>\n<td>Instagram<\/td>\n<td>Meta Platorms, Inc.<\/td>\n<td>Perfil social embenido, publicidad segmentada<\/td>\n<td>Meta Platforms, Inc.<\/td>\n<td>Seg\u00fan servicio<\/td>\n<\/tr>\n<tr>\n<td>Twitter<\/td>\n<td>Twitter, Inc.<\/td>\n<td>Compartir contenido y mostrar perfil social<\/td>\n<td>Twitter, Inc.<\/td>\n<td>Seg\u00fan servicio<\/td>\n<\/tr>\n<tr>\n<td>Vimeo<\/td>\n<td>Vimeo, Inc.<\/td>\n<td>Reproducci\u00f3n de v\u00eddeos y publicidad asociada<\/td>\n<td>Vimeo, Inc.<\/td>\n<td>Seg\u00fan servicio<\/td>\n<\/tr>\n<tr>\n<td>Google Tag Manager<\/td>\n<td>Google<\/td>\n<td>Administra etiquetas que disparan cookies anal\u00edticas\/marketing<\/td>\n<td>Google LLC<\/td>\n<td>Seg\u00fan configuraci\u00f3n<\/td>\n<\/tr>\n<\/tbody>\n<\/table>\n<\/figure>\n\n<p>\u00a0<\/p>\n<p class=\"wp-block-heading\"><span style=\"text-decoration: underline;\">4. Revocaci\u00f3n y eliminaci\u00f3n de Cookies<\/span><\/p>\n\n<p>Con car\u00e1cter general, en la navegaci\u00f3n por internet, el usuario puede aceptar o rechazar las cookies; para permitirlas, bloquearlas, eliminarlas o desactivarlas, mediante la configuraci\u00f3n a trav\u00e9s del men\u00fa de opciones de su navegador.<\/p>\n\n<p>Para configurar el navegador, desactivar o administrar la instalaci\u00f3n de cookies, y que de este modo, se borren autom\u00e1ticamente una vez que se cierre el navegador, equipo o dispositivo, puede obtener m\u00e1s informaci\u00f3n haciendo \u201cclick\u201d en los siguientes enlaces que le proporcionamos, en funci\u00f3n del navegador que usted utiliza:<\/p>\n\n<ul class=\"wp-block-list\">\n<li><a href=\"https:\/\/support.google.com\/chrome\/answer\/95647?hl=es\">Google Chrome<\/a><\/li>\n\n<li><a href=\"https:\/\/support.mozilla.org\/es\/kb\/cookies-informacion-que-los-sitios-web-guardan-en-?redirectlocale=en-US&amp;redirectslug=Cookies\">Mozilla Firefox<\/a><\/li>\n\n<li><a href=\"https:\/\/support.microsoft.com\/es-es\/windows\/microsoft-edge-datos-de-exploraci%C3%B3n-y-privacidad-bb8174ba-9d73-dcf2-9b4a-c582b4e640dd\">Edge<\/a><\/li>\n\n<li><a href=\"https:\/\/support.microsoft.com\/es-es\/windows\/eliminar-y-administrar-cookies-168dab11-0753-043d-7c16-ede5947fc64d#ie=ie-11\">Internet Explorer (Versi\u00f3n 11)<\/a><\/li>\n\n<li><a href=\"https:\/\/support.microsoft.com\/es-es\/windows\/eliminar-y-administrar-cookies-168dab11-0753-043d-7c16-ede5947fc64d#ie=ie-10\">Internet Explorer (Versi\u00f3n 10)<\/a><\/li>\n\n<li><a href=\"https:\/\/help.opera.com\/en\/latest\/web-preferences\/\">Opera<\/a><\/li>\n\n<li><a href=\"https:\/\/www.apple.com\/legal\/privacy\/es\/cookies\/\">Safari<\/a><\/li>\n<\/ul>\n\n<p>De forma general, la mayor\u00eda de los navegadores, permiten el acceso r\u00e1pido a la eliminaci\u00f3n de los datos de navegaci\u00f3n, pulsando la secuencia de teclas Ctrl+Mayus+Supr, pudi\u00e9ndose borrar las Cookies.<\/p>\n\n<p>\u00a0<\/p>\n<p class=\"wp-block-heading\"><span style=\"text-decoration: underline;\">5.Transferencias internacionales de datos<\/span><\/p>\n\n<p>Algunos de los terceros que instalan cookies (Google, Meta, Twitter, Stripe, etc.) pueden realizar transferencias internacionales de datos, por ejemplo, a estados Unidos. Dichas transferencias se realizan con base en decisiones de adecuaci\u00f3n, cl\u00e1usulas contractuales tipo o mecanismos equivalentes conforme al RGPD. Para m\u00e1s informaci\u00f3n, consulte las po\u00edticas de cada proveedor.<\/p>\n\n<p>\u00a0<\/p>\n<p class=\"wp-block-heading\"><span style=\"text-decoration: underline;\">6.Actualizaci\u00f3n de la pol\u00edtica de Cookies<\/span><\/p>\n\n<p>La presente pol\u00edticapodr\u00e1 modificarse en cualquier momente en funci\u00f3n de cambios legislativos o en las cookies utilizadas.<\/p>\n\n<p>\u00daltima actualizaci\u00f3n: septiembre 2025<\/p>\n\t\t\t\t\t\t\t\t<\/div>\n\t\t\t\t<\/div>\n\t\t\t\t\t<\/div>\n\t\t\t\t<\/div>\n\t\t\t\t<\/div>","protected":false},"excerpt":{"rendered":"<p>La presente Pol\u00edtica de Cookies tiene como finalidad informar de manera clara, transparente y accesible sobre el uso de cookies y tecnolog\u00edas similares en este sitio web, en cumplimiento de la Ley 34\/2002 (LSSI-CE), el Reglamento (UE) 2016\/679 (RGPD), la Ley Org\u00e1nica 3\/2018 (LOPDGDD) y la Gu\u00eda sobre uso de cookies de la AEPD (mayo [&hellip;]<\/p>\n","protected":false},"author":1,"featured_media":0,"parent":0,"menu_order":0,"comment_status":"closed","ping_status":"closed","template":"","meta":{"footnotes":""},"class_list":["post-1331","page","type-page","status-publish","hentry"],"yoast_head":"<!-- This site is optimized with the Yoast SEO plugin v27.4 - https:\/\/yoast.com\/product\/yoast-seo-wordpress\/ -->\n<title>Pol\u00edtica de cookies - Geoplanning<\/title>\n<meta name=\"robots\" content=\"index, follow, max-snippet:-1, max-image-preview:large, max-video-preview:-1\" \/>\n<link rel=\"canonical\" href=\"https:\/\/geoplanning.es\/en\/politica-de-cookies\/\" \/>\n<meta property=\"og:locale\" content=\"en_US\" \/>\n<meta property=\"og:type\" content=\"article\" \/>\n<meta property=\"og:title\" content=\"Pol\u00edtica de cookies - Geoplanning\" \/>\n<meta property=\"og:description\" content=\"La presente Pol\u00edtica de Cookies tiene como finalidad informar de manera clara, transparente y accesible sobre el uso de cookies y tecnolog\u00edas similares en este sitio web, en cumplimiento de la Ley 34\/2002 (LSSI-CE), el Reglamento (UE) 2016\/679 (RGPD), la Ley Org\u00e1nica 3\/2018 (LOPDGDD) y la Gu\u00eda sobre uso de cookies de la AEPD (mayo [&hellip;]\" \/>\n<meta property=\"og:url\" content=\"https:\/\/geoplanning.es\/en\/politica-de-cookies\/\" \/>\n<meta property=\"og:site_name\" content=\"Geoplanning\" \/>\n<meta property=\"article:modified_time\" content=\"2026-04-15T06:34:40+00:00\" \/>\n<meta name=\"twitter:card\" content=\"summary_large_image\" \/>\n<meta name=\"twitter:label1\" content=\"Est. reading time\" \/>\n\t<meta name=\"twitter:data1\" content=\"7 minutes\" \/>\n<script type=\"application\/ld+json\" class=\"yoast-schema-graph\">{\"@context\":\"https:\\\/\\\/schema.org\",\"@graph\":[{\"@type\":\"WebPage\",\"@id\":\"https:\\\/\\\/geoplanning.es\\\/politica-de-cookies\\\/\",\"url\":\"https:\\\/\\\/geoplanning.es\\\/politica-de-cookies\\\/\",\"name\":\"Pol\u00edtica de cookies - Geoplanning\",\"isPartOf\":{\"@id\":\"https:\\\/\\\/geoplanning.es\\\/#website\"},\"datePublished\":\"2026-01-15T10:42:26+00:00\",\"dateModified\":\"2026-04-15T06:34:40+00:00\",\"breadcrumb\":{\"@id\":\"https:\\\/\\\/geoplanning.es\\\/politica-de-cookies\\\/#breadcrumb\"},\"inLanguage\":\"en-US\",\"potentialAction\":[{\"@type\":\"ReadAction\",\"target\":[\"https:\\\/\\\/geoplanning.es\\\/politica-de-cookies\\\/\"]}]},{\"@type\":\"BreadcrumbList\",\"@id\":\"https:\\\/\\\/geoplanning.es\\\/politica-de-cookies\\\/#breadcrumb\",\"itemListElement\":[{\"@type\":\"ListItem\",\"position\":1,\"name\":\"Home\",\"item\":\"https:\\\/\\\/geoplanning.es\\\/\"},{\"@type\":\"ListItem\",\"position\":2,\"name\":\"Pol\u00edtica de cookies\"}]},{\"@type\":\"WebSite\",\"@id\":\"https:\\\/\\\/geoplanning.es\\\/#website\",\"url\":\"https:\\\/\\\/geoplanning.es\\\/\",\"name\":\"Geoplanning\",\"description\":\"\",\"potentialAction\":[{\"@type\":\"SearchAction\",\"target\":{\"@type\":\"EntryPoint\",\"urlTemplate\":\"https:\\\/\\\/geoplanning.es\\\/?s={search_term_string}\"},\"query-input\":{\"@type\":\"PropertyValueSpecification\",\"valueRequired\":true,\"valueName\":\"search_term_string\"}}],\"inLanguage\":\"en-US\"}]}<\/script>\n<!-- \/ Yoast SEO plugin. -->","yoast_head_json":{"title":"Pol\u00edtica de cookies - Geoplanning","robots":{"index":"index","follow":"follow","max-snippet":"max-snippet:-1","max-image-preview":"max-image-preview:large","max-video-preview":"max-video-preview:-1"},"canonical":"https:\/\/geoplanning.es\/en\/politica-de-cookies\/","og_locale":"en_US","og_type":"article","og_title":"Pol\u00edtica de cookies - Geoplanning","og_description":"La presente Pol\u00edtica de Cookies tiene como finalidad informar de manera clara, transparente y accesible sobre el uso de cookies y tecnolog\u00edas similares en este sitio web, en cumplimiento de la Ley 34\/2002 (LSSI-CE), el Reglamento (UE) 2016\/679 (RGPD), la Ley Org\u00e1nica 3\/2018 (LOPDGDD) y la Gu\u00eda sobre uso de cookies de la AEPD (mayo [&hellip;]","og_url":"https:\/\/geoplanning.es\/en\/politica-de-cookies\/","og_site_name":"Geoplanning","article_modified_time":"2026-04-15T06:34:40+00:00","twitter_card":"summary_large_image","twitter_misc":{"Est. reading time":"7 minutes"},"schema":{"@context":"https:\/\/schema.org","@graph":[{"@type":"WebPage","@id":"https:\/\/geoplanning.es\/politica-de-cookies\/","url":"https:\/\/geoplanning.es\/politica-de-cookies\/","name":"Pol\u00edtica de cookies - Geoplanning","isPartOf":{"@id":"https:\/\/geoplanning.es\/#website"},"datePublished":"2026-01-15T10:42:26+00:00","dateModified":"2026-04-15T06:34:40+00:00","breadcrumb":{"@id":"https:\/\/geoplanning.es\/politica-de-cookies\/#breadcrumb"},"inLanguage":"en-US","potentialAction":[{"@type":"ReadAction","target":["https:\/\/geoplanning.es\/politica-de-cookies\/"]}]},{"@type":"BreadcrumbList","@id":"https:\/\/geoplanning.es\/politica-de-cookies\/#breadcrumb","itemListElement":[{"@type":"ListItem","position":1,"name":"Home","item":"https:\/\/geoplanning.es\/"},{"@type":"ListItem","position":2,"name":"Pol\u00edtica de cookies"}]},{"@type":"WebSite","@id":"https:\/\/geoplanning.es\/#website","url":"https:\/\/geoplanning.es\/","name":"Geoplanning","description":"","potentialAction":[{"@type":"SearchAction","target":{"@type":"EntryPoint","urlTemplate":"https:\/\/geoplanning.es\/?s={search_term_string}"},"query-input":{"@type":"PropertyValueSpecification","valueRequired":true,"valueName":"search_term_string"}}],"inLanguage":"en-US"}]}},"_links":{"self":[{"href":"https:\/\/geoplanning.es\/en\/wp-json\/wp\/v2\/pages\/1331","targetHints":{"allow":["GET"]}}],"collection":[{"href":"https:\/\/geoplanning.es\/en\/wp-json\/wp\/v2\/pages"}],"about":[{"href":"https:\/\/geoplanning.es\/en\/wp-json\/wp\/v2\/types\/page"}],"author":[{"embeddable":true,"href":"https:\/\/geoplanning.es\/en\/wp-json\/wp\/v2\/users\/1"}],"replies":[{"embeddable":true,"href":"https:\/\/geoplanning.es\/en\/wp-json\/wp\/v2\/comments?post=1331"}],"version-history":[{"count":3,"href":"https:\/\/geoplanning.es\/en\/wp-json\/wp\/v2\/pages\/1331\/revisions"}],"predecessor-version":[{"id":3570,"href":"https:\/\/geoplanning.es\/en\/wp-json\/wp\/v2\/pages\/1331\/revisions\/3570"}],"wp:attachment":[{"href":"https:\/\/geoplanning.es\/en\/wp-json\/wp\/v2\/media?parent=1331"}],"curies":[{"name":"wp","href":"https:\/\/api.w.org\/{rel}","templated":true}]}}