{"id":2730,"date":"2026-03-05T09:22:50","date_gmt":"2026-03-05T08:22:50","guid":{"rendered":"https:\/\/geoplanning.es\/?page_id=2730"},"modified":"2026-03-05T09:25:59","modified_gmt":"2026-03-05T08:25:59","slug":"canal-etico","status":"publish","type":"page","link":"https:\/\/geoplanning.es\/en\/canal-etico\/","title":{"rendered":"Ethics Channel"},"content":{"rendered":"<div data-elementor-type=\"wp-page\" data-elementor-id=\"2730\" class=\"elementor elementor-2730\" data-elementor-post-type=\"page\">\n\t\t\t\t<div class=\"elementor-element elementor-element-ae41c90 e-flex e-con-boxed e-con e-parent\" data-id=\"ae41c90\" data-element_type=\"container\" data-e-type=\"container\">\n\t\t\t\t\t<div class=\"e-con-inner\">\n\t\t\t\t<div class=\"elementor-element elementor-element-373c7cf elementor-widget elementor-widget-text-editor\" data-id=\"373c7cf\" data-element_type=\"widget\" data-e-type=\"widget\" data-widget_type=\"text-editor.default\">\n\t\t\t\t<div class=\"elementor-widget-container\">\n\t\t\t\t\t\t\t\t\t<p>En\u00a0<strong>GEOPLANNING. ESTUDIS GEOT\u00c8CNICS, S.L.\u00a0<\/strong>creemos firmemente en la importancia de fomentar un entorno seguro, \u00e9tico, de igualdad y de confianza para todos nuestros empleados, clientes y socios en general.<\/p><p>Por esta raz\u00f3n, hemos implementado un s\u00f3lido\u00a0<strong>Canal \u00c9tico<\/strong>. Un canal donde se puede comunicar cualquier posible incumplimiento o irregularidad en la organizaci\u00f3n, tal como se describe en la\u00a0<strong>Ley 2\/2023<\/strong>, de 20 de febrero, reguladora de la protecci\u00f3n de las personas que informen sobre infracciones normativas y de lucha contra la corrupci\u00f3n.<\/p><p>\u00a0<\/p><p><span style=\"text-decoration: underline;\">\u00bfQU\u00c9 HECHOS SE PUEDEN NOTIFICAR?<\/span><\/p><p>Puedes informar a trav\u00e9s del Canal \u00c9tico de aquellos hechos que consideres puedan suponer un incumplimiento de la normativa legal, del C\u00f3digo \u00c9tico o de cualquiera normativa interna vigente, como:<\/p><ul class=\"wp-block-list\"><li>Conductas relativas al fraude y corrupci\u00f3n.<\/li><li>Conductas relativas a la Seguridad, salud e higiene en el trabajo.<\/li><li>Discriminaci\u00f3n y acoso en el lugar de trabajo.<\/li><li>Conductas relativas a la Seguridad de la informaci\u00f3n, Protecci\u00f3n de datos y Mercados de valores.<\/li><li>Pr\u00e1cticas anticompetitivas.<\/li><li>Conductas contrarias a los derechos humanos o da\u00f1os al medio ambiente.<\/li><li>Otras\u00a0posibles infracciones penales o administrativas.<\/li><\/ul><p>\u00a0<\/p><p><span style=\"text-decoration: underline;\">CARACTER\u00cdSTICAS PRINCIPALES:\u00a0<\/span><\/p><p><strong>Confidencialidad:<\/strong>\u00a0Entendemos que la confidencialidad es fundamental para alentar a las personas a presentar denuncias. Garantizamos la confidencialidad absoluta en todo el proceso y protegemos la identidad de la persona denunciante en la medida permitida por la ley.\u00a0Se incluye la posibilidad de realizar la alerta de manera an\u00f3nima.<\/p><p><strong>Proceso de investigaci\u00f3n imparcial:<\/strong>\u00a0Una vez que se presenta una denuncia, nuestro equipo de expertos, investigar\u00e1 minuciosamente el asunto de manera objetiva y diligente de conformidad con la normativa interna y la legislaci\u00f3n aplicable. A lo largo de todo el proceso se respetar\u00e1n los derechos de los involucrados, en particular la presunci\u00f3n de inocencia.\u00a0<\/p><p><strong>Protecci\u00f3n contra represalias:<\/strong>\u00a0No toleramos ninguna forma de represalia contra las personas denunciantes de buena fe. Estamos comprometidos a salvaguardar los derechos y la integridad de aquellos que se atreven a denunciar cualquier irregularidad. Tomaremos medidas disciplinarias apropiadas contra cualquier individuo que tome represalias en contra de un denunciante.<\/p><p><strong>Resoluci\u00f3n y seguimiento:<\/strong>\u00a0Una vez concluida la investigaci\u00f3n, tomaremos las acciones necesarias para abordar el problema identificado y, cuando sea posible, tomaremos medidas correctivas para prevenir futuras violaciones. Adem\u00e1s, nos comprometemos a mantener informada la persona denunciante sobre el progreso y la resoluci\u00f3n de su denuncia, siempre que sea posible y permitido por la ley.<\/p><p>\u00a0<\/p><p><u>\u00bfC\u00d3MO ENVIAR UNA COMUNICACI\u00d3N?<\/u><\/p><p>&#8211; OPCI\u00d3N 1: Enviar una notificaci\u00f3n a trav\u00e9s de APP m\u00f3vil<\/p><ol class=\"wp-block-list\"><li><strong>Descargando la app co-resol:<\/strong>Es gratuita y est\u00e1 disponible en la App Store y en Google Play.<\/li><\/ol><ol class=\"wp-block-list\" start=\"2\"><li>Pulsa el bot\u00f3n \u201cHaz un click\u201d y a continuaci\u00f3n introduce el c\u00f3digo\u00a0<strong>\u201cGeoP\u201d<\/strong><\/li><li>Selecciona el bot\u00f3n del Canal \u00c9tico\u201d Geoplanning<\/li><li>Escribe tu mensaje siendo lo m\u00e1s espec\u00edfico posible. Puedes adjuntar tanto im\u00e1genes como documentaci\u00f3n.<\/li><li>Identif\u00edcate o\u00a0selecciona la opci\u00f3n de anonimato. En cualquiera de los casos, debes aceptar la Pol\u00edtica de Privacidad.<\/li><li>Una vez hayas efectuado estos pasos, recibir\u00e1s un mensaje como\u00a0acuse de recibo de tu\u00a0click.<\/li><li>La comunicaci\u00f3n para el seguimiento del click se realizar\u00e1 mediante un chat seguro (podr\u00e1s acceder al mismo desde el bot\u00f3n de chat de la pantalla de inicio de la app) hasta el cierre del mismo.<\/li><\/ol><p>\u00a0<\/p><p>&#8211; OPCI\u00d3N 2: Enviar una notificaci\u00f3n a trav\u00e9s de enlace web.<\/p><p>Mediante el link web:\u00a0\u2002<a href=\"https:\/\/co-resol.bcnresol.com\/webclick\"><u>https:\/\/co-resol.bcnresol.com\/webclick<\/u><\/a><\/p><ol class=\"wp-block-list\"><li>Pulsa el bot\u00f3n \u201cHaz un click\u201d y a continuaci\u00f3n introduce el c\u00f3digo\u00a0<strong>\u201cGeoP\u201d<\/strong><\/li><li>Selecciona el bot\u00f3n del canal.<\/li><li>Escribe tu mensaje siendo lo m\u00e1s espec\u00edfico posible. Puedes adjuntar tanto im\u00e1genes como documentaci\u00f3n.<\/li><li>Identif\u00edcate o selecciona la opci\u00f3n de anonimato. En cualquiera de los casos, debes aceptar la Pol\u00edtica de Privacidad.<\/li><li>En este caso, recibir\u00e1s un c\u00f3digo identificador y una contrase\u00f1a \u00fanicos que deber\u00e1s guardar para mantener la comunicaci\u00f3n, a trav\u00e9s de un chat seguro, sobre el estado de tu click.<\/li><li>Cada vez que quieras saber si tienes mensaje nuevo en el chat o quieras aportar m\u00e1s informaci\u00f3n, para asegurar la confidencialidad, debes introducir este c\u00f3digo y contrase\u00f1a en la p\u00e1gina de inicio, en el bot\u00f3n \u201cAcceder a un click anterior\u201d.<\/li><\/ol>\t\t\t\t\t\t\t\t<\/div>\n\t\t\t\t<\/div>\n\t\t\t\t\t<\/div>\n\t\t\t\t<\/div>\n\t\t\t\t<\/div>","protected":false},"excerpt":{"rendered":"<p>En\u00a0GEOPLANNING. ESTUDIS GEOT\u00c8CNICS, S.L.\u00a0creemos firmemente en la importancia de fomentar un entorno seguro, \u00e9tico, de igualdad y de confianza para todos nuestros empleados, clientes y socios en general. Por esta raz\u00f3n, hemos implementado un s\u00f3lido\u00a0Canal \u00c9tico. Un canal donde se puede comunicar cualquier posible incumplimiento o irregularidad en la organizaci\u00f3n, tal como se describe en [&hellip;]<\/p>\n","protected":false},"author":1,"featured_media":0,"parent":0,"menu_order":0,"comment_status":"closed","ping_status":"closed","template":"","meta":{"footnotes":""},"class_list":["post-2730","page","type-page","status-publish","hentry"],"yoast_head":"<!-- This site is optimized with the Yoast SEO plugin v27.4 - https:\/\/yoast.com\/product\/yoast-seo-wordpress\/ -->\n<title>Canal \u00e9tico - Geoplanning<\/title>\n<meta name=\"robots\" content=\"index, follow, max-snippet:-1, max-image-preview:large, max-video-preview:-1\" \/>\n<link rel=\"canonical\" href=\"https:\/\/geoplanning.es\/en\/canal-etico\/\" \/>\n<meta property=\"og:locale\" content=\"en_US\" \/>\n<meta property=\"og:type\" content=\"article\" \/>\n<meta property=\"og:title\" content=\"Canal \u00e9tico - Geoplanning\" \/>\n<meta property=\"og:description\" content=\"En\u00a0GEOPLANNING. ESTUDIS GEOT\u00c8CNICS, S.L.\u00a0creemos firmemente en la importancia de fomentar un entorno seguro, \u00e9tico, de igualdad y de confianza para todos nuestros empleados, clientes y socios en general. Por esta raz\u00f3n, hemos implementado un s\u00f3lido\u00a0Canal \u00c9tico. Un canal donde se puede comunicar cualquier posible incumplimiento o irregularidad en la organizaci\u00f3n, tal como se describe en [&hellip;]\" \/>\n<meta property=\"og:url\" content=\"https:\/\/geoplanning.es\/en\/canal-etico\/\" \/>\n<meta property=\"og:site_name\" content=\"Geoplanning\" \/>\n<meta property=\"article:modified_time\" content=\"2026-03-05T08:25:59+00:00\" \/>\n<meta name=\"twitter:card\" content=\"summary_large_image\" \/>\n<meta name=\"twitter:label1\" content=\"Est. reading time\" \/>\n\t<meta name=\"twitter:data1\" content=\"4 minutes\" \/>\n<script type=\"application\/ld+json\" class=\"yoast-schema-graph\">{\"@context\":\"https:\\\/\\\/schema.org\",\"@graph\":[{\"@type\":\"WebPage\",\"@id\":\"https:\\\/\\\/geoplanning.es\\\/canal-etico\\\/\",\"url\":\"https:\\\/\\\/geoplanning.es\\\/canal-etico\\\/\",\"name\":\"Canal \u00e9tico - Geoplanning\",\"isPartOf\":{\"@id\":\"https:\\\/\\\/geoplanning.es\\\/#website\"},\"datePublished\":\"2026-03-05T08:22:50+00:00\",\"dateModified\":\"2026-03-05T08:25:59+00:00\",\"breadcrumb\":{\"@id\":\"https:\\\/\\\/geoplanning.es\\\/canal-etico\\\/#breadcrumb\"},\"inLanguage\":\"en-US\",\"potentialAction\":[{\"@type\":\"ReadAction\",\"target\":[\"https:\\\/\\\/geoplanning.es\\\/canal-etico\\\/\"]}]},{\"@type\":\"BreadcrumbList\",\"@id\":\"https:\\\/\\\/geoplanning.es\\\/canal-etico\\\/#breadcrumb\",\"itemListElement\":[{\"@type\":\"ListItem\",\"position\":1,\"name\":\"Home\",\"item\":\"https:\\\/\\\/geoplanning.es\\\/\"},{\"@type\":\"ListItem\",\"position\":2,\"name\":\"Canal \u00e9tico\"}]},{\"@type\":\"WebSite\",\"@id\":\"https:\\\/\\\/geoplanning.es\\\/#website\",\"url\":\"https:\\\/\\\/geoplanning.es\\\/\",\"name\":\"Geoplanning\",\"description\":\"\",\"potentialAction\":[{\"@type\":\"SearchAction\",\"target\":{\"@type\":\"EntryPoint\",\"urlTemplate\":\"https:\\\/\\\/geoplanning.es\\\/?s={search_term_string}\"},\"query-input\":{\"@type\":\"PropertyValueSpecification\",\"valueRequired\":true,\"valueName\":\"search_term_string\"}}],\"inLanguage\":\"en-US\"}]}<\/script>\n<!-- \/ Yoast SEO plugin. -->","yoast_head_json":{"title":"Canal \u00e9tico - Geoplanning","robots":{"index":"index","follow":"follow","max-snippet":"max-snippet:-1","max-image-preview":"max-image-preview:large","max-video-preview":"max-video-preview:-1"},"canonical":"https:\/\/geoplanning.es\/en\/canal-etico\/","og_locale":"en_US","og_type":"article","og_title":"Canal \u00e9tico - Geoplanning","og_description":"En\u00a0GEOPLANNING. ESTUDIS GEOT\u00c8CNICS, S.L.\u00a0creemos firmemente en la importancia de fomentar un entorno seguro, \u00e9tico, de igualdad y de confianza para todos nuestros empleados, clientes y socios en general. Por esta raz\u00f3n, hemos implementado un s\u00f3lido\u00a0Canal \u00c9tico. Un canal donde se puede comunicar cualquier posible incumplimiento o irregularidad en la organizaci\u00f3n, tal como se describe en [&hellip;]","og_url":"https:\/\/geoplanning.es\/en\/canal-etico\/","og_site_name":"Geoplanning","article_modified_time":"2026-03-05T08:25:59+00:00","twitter_card":"summary_large_image","twitter_misc":{"Est. reading time":"4 minutes"},"schema":{"@context":"https:\/\/schema.org","@graph":[{"@type":"WebPage","@id":"https:\/\/geoplanning.es\/canal-etico\/","url":"https:\/\/geoplanning.es\/canal-etico\/","name":"Canal \u00e9tico - Geoplanning","isPartOf":{"@id":"https:\/\/geoplanning.es\/#website"},"datePublished":"2026-03-05T08:22:50+00:00","dateModified":"2026-03-05T08:25:59+00:00","breadcrumb":{"@id":"https:\/\/geoplanning.es\/canal-etico\/#breadcrumb"},"inLanguage":"en-US","potentialAction":[{"@type":"ReadAction","target":["https:\/\/geoplanning.es\/canal-etico\/"]}]},{"@type":"BreadcrumbList","@id":"https:\/\/geoplanning.es\/canal-etico\/#breadcrumb","itemListElement":[{"@type":"ListItem","position":1,"name":"Home","item":"https:\/\/geoplanning.es\/"},{"@type":"ListItem","position":2,"name":"Canal \u00e9tico"}]},{"@type":"WebSite","@id":"https:\/\/geoplanning.es\/#website","url":"https:\/\/geoplanning.es\/","name":"Geoplanning","description":"","potentialAction":[{"@type":"SearchAction","target":{"@type":"EntryPoint","urlTemplate":"https:\/\/geoplanning.es\/?s={search_term_string}"},"query-input":{"@type":"PropertyValueSpecification","valueRequired":true,"valueName":"search_term_string"}}],"inLanguage":"en-US"}]}},"_links":{"self":[{"href":"https:\/\/geoplanning.es\/en\/wp-json\/wp\/v2\/pages\/2730","targetHints":{"allow":["GET"]}}],"collection":[{"href":"https:\/\/geoplanning.es\/en\/wp-json\/wp\/v2\/pages"}],"about":[{"href":"https:\/\/geoplanning.es\/en\/wp-json\/wp\/v2\/types\/page"}],"author":[{"embeddable":true,"href":"https:\/\/geoplanning.es\/en\/wp-json\/wp\/v2\/users\/1"}],"replies":[{"embeddable":true,"href":"https:\/\/geoplanning.es\/en\/wp-json\/wp\/v2\/comments?post=2730"}],"version-history":[{"count":0,"href":"https:\/\/geoplanning.es\/en\/wp-json\/wp\/v2\/pages\/2730\/revisions"}],"wp:attachment":[{"href":"https:\/\/geoplanning.es\/en\/wp-json\/wp\/v2\/media?parent=2730"}],"curies":[{"name":"wp","href":"https:\/\/api.w.org\/{rel}","templated":true}]}}