{"id":2849,"date":"2026-03-05T11:40:04","date_gmt":"2026-03-05T10:40:04","guid":{"rendered":"https:\/\/geoplanning.es\/?page_id=2849"},"modified":"2026-03-05T11:41:48","modified_gmt":"2026-03-05T10:41:48","slug":"politica-de-calidad","status":"publish","type":"page","link":"https:\/\/geoplanning.es\/en\/politica-de-calidad\/","title":{"rendered":"Quality policy"},"content":{"rendered":"<div data-elementor-type=\"wp-page\" data-elementor-id=\"2849\" class=\"elementor elementor-2849\" data-elementor-post-type=\"page\">\n\t\t\t\t<div class=\"elementor-element elementor-element-8d6b32e e-flex e-con-boxed e-con e-parent\" data-id=\"8d6b32e\" data-element_type=\"container\" data-e-type=\"container\">\n\t\t\t\t\t<div class=\"e-con-inner\">\n\t\t\t\t<div class=\"elementor-element elementor-element-d61e248 elementor-widget elementor-widget-text-editor\" data-id=\"d61e248\" data-element_type=\"widget\" data-e-type=\"widget\" data-widget_type=\"text-editor.default\">\n\t\t\t\t<div class=\"elementor-widget-container\">\n\t\t\t\t\t\t\t\t\t<p>Con el fin de proporcionar un servicio experto y adaptado a las necesidades de cada cliente, mantiene y opera con su sistema de gesti\u00f3n de la calidad basado en la norma ISO 9001 en los laboratorios de Lleida.<\/p><p>\u00a0<\/p><p>Con tal de conseguir estos principios, <strong>GEOPLANNING <\/strong>entiende la pol\u00edtica de calidad y el modelo de aplicaci\u00f3n que lleva a cabo como un compromiso de mantener un proyecto a largo plazo, respetando el medio ambiente, los requisitos legales aplicables y avanzando con la mejora continua de nuestra organizaci\u00f3n.<\/p><p>\u00a0<\/p><p>La Direcci\u00f3n de <strong>GEOPLANNING<\/strong> enfoca el Sistema de la Calidad como una manera de organizar el funcionamiento de la empresa partiendo de unos pilares b\u00e1sicos como son la Calidad de sus productos, la satisfacci\u00f3n del cliente y la mejora continua de la eficacia del Sistema. Para ello, el Sistema de Gesti\u00f3n de la Calidad de nuestra organizaci\u00f3n se basa en:<\/p><ul><li>La Calidad y su mejora son responsabilidad de todos los integrantes de <strong>GEOPLANNING <\/strong>empezando desde arriba.<\/li><li>La Calidad se obtiene planificando, ejecutando, revisando y mejorando el Sistema de Gesti\u00f3n, teniendo presente en todo momento el contexto de la organizaci\u00f3n, tanto interno como externo.<\/li><li>La Calidad est\u00e1 orientada hacia la Satisfacci\u00f3n de todos nuestros clientes (y partes interesadas), mediante el compromiso de toda la organizaci\u00f3n en cumplir con sus necesidades y requisitos, as\u00ed como los requisitos legales y reglamentarios y los propios del servicio.<\/li><li>La Calidad se apoya en la Mejora Continua tanto de prestaci\u00f3n del servicio como de la eficacia del Sistema de Gesti\u00f3n de la Calidad en el que prevenir los errores sea un aspecto fundamental.<\/li><li>La Calidad nos dirige a prestar la m\u00e1xima atenci\u00f3n a la evoluci\u00f3n tecnol\u00f3gica y a las posibles mejoras que las nuevas tecnolog\u00edas pusieran a nuestra disposici\u00f3n.<\/li><li>La Calidad requiere de la participaci\u00f3n y colaboraci\u00f3n de todos por lo que esta Pol\u00edtica es difundida a todo el personal de<strong> GEOPLANNING<\/strong> para su conocimiento y comprensi\u00f3n.<\/li><li>La alta Direcci\u00f3n se compromete a integrar la sostenibilidad en el coraz\u00f3n de la estrategia empresarial, estableciendo objetivos claros y determinando opciones relacionadas con el desempe\u00f1o ambiental, que tengan en cuenta el cambio clim\u00e1tico.<\/li><\/ul><p>\u00a0<\/p><p>La Direcci\u00f3n de <strong>GEOPLANNING <\/strong>define y participa en la Pol\u00edtica de Calidad de la empresa, con el compromiso de mantener, planificar y dirigir toda la Organizaci\u00f3n con un enfoque al cliente.<\/p><p>\u00a0<\/p><p>R. Codina &#8211; Direcci\u00f3n General\u00a0\u00a0<\/p><p>BARCELONA a 25 de febrero de 2026\u00a0 \u00a0 \u00a0 \u00a0 \u00a0 \u00a0 \u00a0 \u00a0 \u00a0 \u00a0 \u00a0 \u00a0 \u00a0 \u00a0 \u00a0 \u00a0 \u00a0 \u00a0 \u00a0 \u00a0 \u00a0 \u00a0 \u00a0 \u00a0 \u00a0 \u00a0 \u00a0 \u00a0 \u00a0 \u00a0 \u00a0 \u00a0 \u00a0 \u00a0 \u00a0 \u00a0 \u00a0 \u00a0 \u00a0 \u00a0 \u00a0 \u00a0 \u00a0 \u00a0 \u00a0 \u00a0 \u00a0 \u00a0 \u00a0 \u00a0 \u00a0 \u00a0 \u00a0 \u00a0 \u00a0 \u00a0 \u00a0 \u00a0 \u00a0 \u00a0 \u00a0 \u00a0 \u00a0 \u00a0 \u00a0 \u00a0 \u00a0 \u00a0 \u00a0 \u00a0 \u00a0 \u00a0 \u00a0 \u00a0 \u00a0 \u00a0 \u00a0 \u00a0 \u00a0 \u00a0<\/p>\t\t\t\t\t\t\t\t<\/div>\n\t\t\t\t<\/div>\n\t\t\t\t\t<\/div>\n\t\t\t\t<\/div>\n\t\t\t\t<\/div>","protected":false},"excerpt":{"rendered":"<p>Con el fin de proporcionar un servicio experto y adaptado a las necesidades de cada cliente, mantiene y opera con su sistema de gesti\u00f3n de la calidad basado en la norma ISO 9001 en los laboratorios de Lleida. \u00a0 Con tal de conseguir estos principios, GEOPLANNING entiende la pol\u00edtica de calidad y el modelo de [&hellip;]<\/p>\n","protected":false},"author":1,"featured_media":0,"parent":0,"menu_order":0,"comment_status":"closed","ping_status":"closed","template":"","meta":{"footnotes":""},"class_list":["post-2849","page","type-page","status-publish","hentry"],"yoast_head":"<!-- This site is optimized with the Yoast SEO plugin v27.4 - https:\/\/yoast.com\/product\/yoast-seo-wordpress\/ -->\n<title>Pol\u00edtica de calidad - Geoplanning<\/title>\n<meta name=\"robots\" content=\"index, follow, max-snippet:-1, max-image-preview:large, max-video-preview:-1\" \/>\n<link rel=\"canonical\" href=\"https:\/\/geoplanning.es\/en\/politica-de-calidad\/\" \/>\n<meta property=\"og:locale\" content=\"en_US\" \/>\n<meta property=\"og:type\" content=\"article\" \/>\n<meta property=\"og:title\" content=\"Pol\u00edtica de calidad - Geoplanning\" \/>\n<meta property=\"og:description\" content=\"Con el fin de proporcionar un servicio experto y adaptado a las necesidades de cada cliente, mantiene y opera con su sistema de gesti\u00f3n de la calidad basado en la norma ISO 9001 en los laboratorios de Lleida. \u00a0 Con tal de conseguir estos principios, GEOPLANNING entiende la pol\u00edtica de calidad y el modelo de [&hellip;]\" \/>\n<meta property=\"og:url\" content=\"https:\/\/geoplanning.es\/en\/politica-de-calidad\/\" \/>\n<meta property=\"og:site_name\" content=\"Geoplanning\" \/>\n<meta property=\"article:modified_time\" content=\"2026-03-05T10:41:48+00:00\" \/>\n<meta name=\"twitter:card\" content=\"summary_large_image\" \/>\n<meta name=\"twitter:label1\" content=\"Est. reading time\" \/>\n\t<meta name=\"twitter:data1\" content=\"2 minutes\" \/>\n<script type=\"application\/ld+json\" class=\"yoast-schema-graph\">{\"@context\":\"https:\\\/\\\/schema.org\",\"@graph\":[{\"@type\":\"WebPage\",\"@id\":\"https:\\\/\\\/geoplanning.es\\\/politica-de-calidad\\\/\",\"url\":\"https:\\\/\\\/geoplanning.es\\\/politica-de-calidad\\\/\",\"name\":\"Pol\u00edtica de calidad - Geoplanning\",\"isPartOf\":{\"@id\":\"https:\\\/\\\/geoplanning.es\\\/#website\"},\"datePublished\":\"2026-03-05T10:40:04+00:00\",\"dateModified\":\"2026-03-05T10:41:48+00:00\",\"breadcrumb\":{\"@id\":\"https:\\\/\\\/geoplanning.es\\\/politica-de-calidad\\\/#breadcrumb\"},\"inLanguage\":\"en-US\",\"potentialAction\":[{\"@type\":\"ReadAction\",\"target\":[\"https:\\\/\\\/geoplanning.es\\\/politica-de-calidad\\\/\"]}]},{\"@type\":\"BreadcrumbList\",\"@id\":\"https:\\\/\\\/geoplanning.es\\\/politica-de-calidad\\\/#breadcrumb\",\"itemListElement\":[{\"@type\":\"ListItem\",\"position\":1,\"name\":\"Home\",\"item\":\"https:\\\/\\\/geoplanning.es\\\/\"},{\"@type\":\"ListItem\",\"position\":2,\"name\":\"Pol\u00edtica de calidad\"}]},{\"@type\":\"WebSite\",\"@id\":\"https:\\\/\\\/geoplanning.es\\\/#website\",\"url\":\"https:\\\/\\\/geoplanning.es\\\/\",\"name\":\"Geoplanning\",\"description\":\"\",\"potentialAction\":[{\"@type\":\"SearchAction\",\"target\":{\"@type\":\"EntryPoint\",\"urlTemplate\":\"https:\\\/\\\/geoplanning.es\\\/?s={search_term_string}\"},\"query-input\":{\"@type\":\"PropertyValueSpecification\",\"valueRequired\":true,\"valueName\":\"search_term_string\"}}],\"inLanguage\":\"en-US\"}]}<\/script>\n<!-- \/ Yoast SEO plugin. -->","yoast_head_json":{"title":"Pol\u00edtica de calidad - Geoplanning","robots":{"index":"index","follow":"follow","max-snippet":"max-snippet:-1","max-image-preview":"max-image-preview:large","max-video-preview":"max-video-preview:-1"},"canonical":"https:\/\/geoplanning.es\/en\/politica-de-calidad\/","og_locale":"en_US","og_type":"article","og_title":"Pol\u00edtica de calidad - Geoplanning","og_description":"Con el fin de proporcionar un servicio experto y adaptado a las necesidades de cada cliente, mantiene y opera con su sistema de gesti\u00f3n de la calidad basado en la norma ISO 9001 en los laboratorios de Lleida. \u00a0 Con tal de conseguir estos principios, GEOPLANNING entiende la pol\u00edtica de calidad y el modelo de [&hellip;]","og_url":"https:\/\/geoplanning.es\/en\/politica-de-calidad\/","og_site_name":"Geoplanning","article_modified_time":"2026-03-05T10:41:48+00:00","twitter_card":"summary_large_image","twitter_misc":{"Est. reading time":"2 minutes"},"schema":{"@context":"https:\/\/schema.org","@graph":[{"@type":"WebPage","@id":"https:\/\/geoplanning.es\/politica-de-calidad\/","url":"https:\/\/geoplanning.es\/politica-de-calidad\/","name":"Pol\u00edtica de calidad - Geoplanning","isPartOf":{"@id":"https:\/\/geoplanning.es\/#website"},"datePublished":"2026-03-05T10:40:04+00:00","dateModified":"2026-03-05T10:41:48+00:00","breadcrumb":{"@id":"https:\/\/geoplanning.es\/politica-de-calidad\/#breadcrumb"},"inLanguage":"en-US","potentialAction":[{"@type":"ReadAction","target":["https:\/\/geoplanning.es\/politica-de-calidad\/"]}]},{"@type":"BreadcrumbList","@id":"https:\/\/geoplanning.es\/politica-de-calidad\/#breadcrumb","itemListElement":[{"@type":"ListItem","position":1,"name":"Home","item":"https:\/\/geoplanning.es\/"},{"@type":"ListItem","position":2,"name":"Pol\u00edtica de calidad"}]},{"@type":"WebSite","@id":"https:\/\/geoplanning.es\/#website","url":"https:\/\/geoplanning.es\/","name":"Geoplanning","description":"","potentialAction":[{"@type":"SearchAction","target":{"@type":"EntryPoint","urlTemplate":"https:\/\/geoplanning.es\/?s={search_term_string}"},"query-input":{"@type":"PropertyValueSpecification","valueRequired":true,"valueName":"search_term_string"}}],"inLanguage":"en-US"}]}},"_links":{"self":[{"href":"https:\/\/geoplanning.es\/en\/wp-json\/wp\/v2\/pages\/2849","targetHints":{"allow":["GET"]}}],"collection":[{"href":"https:\/\/geoplanning.es\/en\/wp-json\/wp\/v2\/pages"}],"about":[{"href":"https:\/\/geoplanning.es\/en\/wp-json\/wp\/v2\/types\/page"}],"author":[{"embeddable":true,"href":"https:\/\/geoplanning.es\/en\/wp-json\/wp\/v2\/users\/1"}],"replies":[{"embeddable":true,"href":"https:\/\/geoplanning.es\/en\/wp-json\/wp\/v2\/comments?post=2849"}],"version-history":[{"count":0,"href":"https:\/\/geoplanning.es\/en\/wp-json\/wp\/v2\/pages\/2849\/revisions"}],"wp:attachment":[{"href":"https:\/\/geoplanning.es\/en\/wp-json\/wp\/v2\/media?parent=2849"}],"curies":[{"name":"wp","href":"https:\/\/api.w.org\/{rel}","templated":true}]}}