{"id":763,"date":"2025-12-05T06:22:46","date_gmt":"2025-12-05T05:22:46","guid":{"rendered":"https:\/\/geoplanning.es\/?page_id=763"},"modified":"2026-03-06T13:18:34","modified_gmt":"2026-03-06T12:18:34","slug":"news","status":"publish","type":"page","link":"https:\/\/geoplanning.es\/en\/noticias\/","title":{"rendered":"News"},"content":{"rendered":"<div data-elementor-type=\"page\" data-elementor-id=\"763\" class=\"elementor elementor-763\" data-elementor-post-type=\"page\">\n\t\t\t\t<div class=\"elementor-element elementor-element-d55986d e-flex e-con-boxed e-con e-child\" data-id=\"d55986d\" data-element_type=\"container\" data-e-type=\"container\" data-settings=\"{&quot;background_background&quot;:&quot;classic&quot;}\">\n\t\t\t\t\t<div class=\"e-con-inner\">\n\t\t\t\t<div class=\"elementor-element elementor-element-e91a59a elementor-widget__width-inherit elementor-widget elementor-widget-heading\" data-id=\"e91a59a\" data-element_type=\"widget\" data-e-type=\"widget\" data-widget_type=\"heading.default\">\n\t\t\t\t<div class=\"elementor-widget-container\">\n\t\t\t\t\t<h1 class=\"elementor-heading-title elementor-size-default\">News<span style=\"font-weight: 700\"> <br \/>Geoplanning<\/span><\/h1>\t\t\t\t<\/div>\n\t\t\t\t<\/div>\n\t\t\t\t\t<\/div>\n\t\t\t\t<\/div>\n\t\t<div class=\"elementor-element elementor-element-2cb4436 e-flex e-con-boxed e-con e-parent\" data-id=\"2cb4436\" data-element_type=\"container\" data-e-type=\"container\">\n\t\t\t\t\t<div class=\"e-con-inner\">\n\t\t<div class=\"elementor-element elementor-element-726fd32 e-con-full e-flex e-con e-child\" data-id=\"726fd32\" data-element_type=\"container\" data-e-type=\"container\">\n\t\t<div class=\"elementor-element elementor-element-0798506 e-con-full e-flex e-con e-child\" data-id=\"0798506\" data-element_type=\"container\" data-e-type=\"container\">\n\t\t\t\t<div class=\"elementor-element elementor-element-400b80c elementor-widget elementor-widget-heading\" data-id=\"400b80c\" data-element_type=\"widget\" data-e-type=\"widget\" data-widget_type=\"heading.default\">\n\t\t\t\t<div class=\"elementor-widget-container\">\n\t\t\t\t\t<h3 class=\"elementor-heading-title elementor-size-default\">The new SONIC DUO joins Geoplanning\u2019s machinery fleet.\n<\/h3>\t\t\t\t<\/div>\n\t\t\t\t<\/div>\n\t\t\t\t<div class=\"elementor-element elementor-element-1a9fa93 elementor-position-inline-start elementor-mobile-position-inline-start elementor-view-default elementor-widget elementor-widget-icon-box\" data-id=\"1a9fa93\" data-element_type=\"widget\" data-e-type=\"widget\" data-widget_type=\"icon-box.default\">\n\t\t\t\t<div class=\"elementor-widget-container\">\n\t\t\t\t\t\t\t<div class=\"elementor-icon-box-wrapper\">\n\n\t\t\t\t\t\t<div class=\"elementor-icon-box-icon\">\n\t\t\t\t<span  class=\"elementor-icon\">\n\t\t\t\t<i aria-hidden=\"true\" class=\"ti-time\"><\/i>\t\t\t\t<\/span>\n\t\t\t<\/div>\n\t\t\t\n\t\t\t\t\t\t<div class=\"elementor-icon-box-content\">\n\n\t\t\t\t\t\t\t\t\t<p class=\"elementor-icon-box-title\">\n\t\t\t\t\t\t<span  >\n\t\t\t\t\t\t\tMarch 25, 2025\t\t\t\t\t\t<\/span>\n\t\t\t\t\t<\/p>\n\t\t\t\t\n\t\t\t\t\n\t\t\t<\/div>\n\t\t\t\n\t\t<\/div>\n\t\t\t\t\t\t<\/div>\n\t\t\t\t<\/div>\n\t\t\t\t<div class=\"elementor-element elementor-element-2ea5a8b elementor-widget elementor-widget-text-editor\" data-id=\"2ea5a8b\" data-element_type=\"widget\" data-e-type=\"widget\" data-widget_type=\"text-editor.default\">\n\t\t\t\t<div class=\"elementor-widget-container\">\n\t\t\t\t\t\t\t\t\t<p>Geoplanning announces a new addition to its machinery fleet: the new SONIC DUO, equipped with Manipal for safer and more ergonomic pipe handling. The expansion and renewal of a company\u2019s drilling machinery fleet is of vital importance in order to continue providing the best service to our clients.\u00a0<\/p>\t\t\t\t\t\t\t\t<\/div>\n\t\t\t\t<\/div>\n\t\t\t\t<\/div>\n\t\t<div class=\"elementor-element elementor-element-39e6d7c e-con-full e-flex e-con e-child\" data-id=\"39e6d7c\" data-element_type=\"container\" data-e-type=\"container\">\n\t\t\t\t<div class=\"elementor-element elementor-element-15191a1 elementor-widget elementor-widget-image\" data-id=\"15191a1\" data-element_type=\"widget\" data-e-type=\"widget\" data-widget_type=\"image.default\">\n\t\t\t\t<div class=\"elementor-widget-container\">\n\t\t\t\t\t\t\t\t\t\t\t\t\t\t\t<img fetchpriority=\"high\" decoding=\"async\" width=\"611\" height=\"440\" src=\"https:\/\/geoplanning.es\/wp-content\/uploads\/2026\/02\/La-nueva-SONIC-DUO-se-incorpora-en-el-parque-de-maquinaria-de-Geoplanning.png\" class=\"attachment-full size-full wp-image-1911\" alt=\"\" srcset=\"https:\/\/geoplanning.es\/wp-content\/uploads\/2026\/02\/La-nueva-SONIC-DUO-se-incorpora-en-el-parque-de-maquinaria-de-Geoplanning.png 611w, https:\/\/geoplanning.es\/wp-content\/uploads\/2026\/02\/La-nueva-SONIC-DUO-se-incorpora-en-el-parque-de-maquinaria-de-Geoplanning-300x216.png 300w, https:\/\/geoplanning.es\/wp-content\/uploads\/2026\/02\/La-nueva-SONIC-DUO-se-incorpora-en-el-parque-de-maquinaria-de-Geoplanning-18x12.png 18w\" sizes=\"(max-width: 611px) 100vw, 611px\" \/>\t\t\t\t\t\t\t\t\t\t\t\t\t\t\t<\/div>\n\t\t\t\t<\/div>\n\t\t\t\t<\/div>\n\t\t\t\t<\/div>\n\t\t\t\t\t<\/div>\n\t\t\t\t<\/div>\n\t\t<div class=\"elementor-element elementor-element-5bcc582 e-flex e-con-boxed e-con e-parent\" data-id=\"5bcc582\" data-element_type=\"container\" data-e-type=\"container\" data-settings=\"{&quot;background_background&quot;:&quot;classic&quot;}\">\n\t\t\t\t\t<div class=\"e-con-inner\">\n\t\t<div class=\"elementor-element elementor-element-ee3624f e-con-full e-flex e-con e-child\" data-id=\"ee3624f\" data-element_type=\"container\" data-e-type=\"container\">\n\t\t<div class=\"elementor-element elementor-element-fe7c165 e-con-full e-flex e-con e-child\" data-id=\"fe7c165\" data-element_type=\"container\" data-e-type=\"container\">\n\t\t\t\t<div class=\"elementor-element elementor-element-e249446 elementor-widget elementor-widget-image\" data-id=\"e249446\" data-element_type=\"widget\" data-e-type=\"widget\" data-widget_type=\"image.default\">\n\t\t\t\t<div class=\"elementor-widget-container\">\n\t\t\t\t\t\t\t\t\t\t\t\t\t\t\t<img decoding=\"async\" width=\"611\" height=\"440\" src=\"https:\/\/geoplanning.es\/wp-content\/uploads\/2026\/02\/2nd-1.png\" class=\"attachment-full size-full wp-image-1915\" alt=\"\" srcset=\"https:\/\/geoplanning.es\/wp-content\/uploads\/2026\/02\/2nd-1.png 611w, https:\/\/geoplanning.es\/wp-content\/uploads\/2026\/02\/2nd-1-300x216.png 300w, https:\/\/geoplanning.es\/wp-content\/uploads\/2026\/02\/2nd-1-18x12.png 18w\" sizes=\"(max-width: 611px) 100vw, 611px\" \/>\t\t\t\t\t\t\t\t\t\t\t\t\t\t\t<\/div>\n\t\t\t\t<\/div>\n\t\t\t\t<\/div>\n\t\t<div class=\"elementor-element elementor-element-63300ef e-con-full e-flex e-con e-child\" data-id=\"63300ef\" data-element_type=\"container\" data-e-type=\"container\">\n\t\t\t\t<div class=\"elementor-element elementor-element-d613a8c elementor-widget elementor-widget-heading\" data-id=\"d613a8c\" data-element_type=\"widget\" data-e-type=\"widget\" data-widget_type=\"heading.default\">\n\t\t\t\t<div class=\"elementor-widget-container\">\n\t\t\t\t\t<h3 class=\"elementor-heading-title elementor-size-default\"><a href=\"https:\/\/geoplanning.es\/en\/noticias\/\">New drilling machine at Geoplanning<\/a><\/h3>\t\t\t\t<\/div>\n\t\t\t\t<\/div>\n\t\t\t\t<div class=\"elementor-element elementor-element-d909c3e elementor-position-inline-end elementor-mobile-position-inline-start elementor-view-default elementor-widget elementor-widget-icon-box\" data-id=\"d909c3e\" data-element_type=\"widget\" data-e-type=\"widget\" data-widget_type=\"icon-box.default\">\n\t\t\t\t<div class=\"elementor-widget-container\">\n\t\t\t\t\t\t\t<div class=\"elementor-icon-box-wrapper\">\n\n\t\t\t\t\t\t<div class=\"elementor-icon-box-icon\">\n\t\t\t\t<span  class=\"elementor-icon\">\n\t\t\t\t<i aria-hidden=\"true\" class=\"ti-time\"><\/i>\t\t\t\t<\/span>\n\t\t\t<\/div>\n\t\t\t\n\t\t\t\t\t\t<div class=\"elementor-icon-box-content\">\n\n\t\t\t\t\t\t\t\t\t<p class=\"elementor-icon-box-title\">\n\t\t\t\t\t\t<span  >\n\t\t\t\t\t\t\tDecember 5, 2024\t\t\t\t\t\t<\/span>\n\t\t\t\t\t<\/p>\n\t\t\t\t\n\t\t\t\t\n\t\t\t<\/div>\n\t\t\t\n\t\t<\/div>\n\t\t\t\t\t\t<\/div>\n\t\t\t\t<\/div>\n\t\t\t\t<div class=\"elementor-element elementor-element-04c7639 elementor-widget elementor-widget-text-editor\" data-id=\"04c7639\" data-element_type=\"widget\" data-e-type=\"widget\" data-widget_type=\"text-editor.default\">\n\t\t\t\t<div class=\"elementor-widget-container\">\n\t\t\t\t\t\t\t\t\t<p>At GEOPLANNING, we continue moving forward with new developments. On this occasion, we are renewing a Rolatec RL-400 drilling machine. More power, more safety, more reliability!\u00a0<\/p>\t\t\t\t\t\t\t\t<\/div>\n\t\t\t\t<\/div>\n\t\t\t\t<\/div>\n\t\t\t\t<\/div>\n\t\t\t\t\t<\/div>\n\t\t\t\t<\/div>\n\t\t<div class=\"elementor-element elementor-element-eb4b22b e-flex e-con-boxed e-con e-parent\" data-id=\"eb4b22b\" data-element_type=\"container\" data-e-type=\"container\">\n\t\t\t\t\t<div class=\"e-con-inner\">\n\t\t<div class=\"elementor-element elementor-element-46b21a9 e-con-full e-flex e-con e-child\" data-id=\"46b21a9\" data-element_type=\"container\" data-e-type=\"container\">\n\t\t<div class=\"elementor-element elementor-element-3f537e4 e-con-full e-flex e-con e-child\" data-id=\"3f537e4\" data-element_type=\"container\" data-e-type=\"container\">\n\t\t\t\t<div class=\"elementor-element elementor-element-54c54a4 elementor-widget elementor-widget-heading\" data-id=\"54c54a4\" data-element_type=\"widget\" data-e-type=\"widget\" data-widget_type=\"heading.default\">\n\t\t\t\t<div class=\"elementor-widget-container\">\n\t\t\t\t\t<h3 class=\"elementor-heading-title elementor-size-default\">Geoplanning at MMH Mining and Mineral Hall 2024<\/h3>\t\t\t\t<\/div>\n\t\t\t\t<\/div>\n\t\t\t\t<div class=\"elementor-element elementor-element-ceec41a elementor-position-inline-start elementor-mobile-position-inline-start elementor-view-default elementor-widget elementor-widget-icon-box\" data-id=\"ceec41a\" data-element_type=\"widget\" data-e-type=\"widget\" data-widget_type=\"icon-box.default\">\n\t\t\t\t<div class=\"elementor-widget-container\">\n\t\t\t\t\t\t\t<div class=\"elementor-icon-box-wrapper\">\n\n\t\t\t\t\t\t<div class=\"elementor-icon-box-icon\">\n\t\t\t\t<span  class=\"elementor-icon\">\n\t\t\t\t<i aria-hidden=\"true\" class=\"ti-time\"><\/i>\t\t\t\t<\/span>\n\t\t\t<\/div>\n\t\t\t\n\t\t\t\t\t\t<div class=\"elementor-icon-box-content\">\n\n\t\t\t\t\t\t\t\t\t<p class=\"elementor-icon-box-title\">\n\t\t\t\t\t\t<span  >\n\t\t\t\t\t\t\t October 18, 2024\t\t\t\t\t\t<\/span>\n\t\t\t\t\t<\/p>\n\t\t\t\t\n\t\t\t\t\n\t\t\t<\/div>\n\t\t\t\n\t\t<\/div>\n\t\t\t\t\t\t<\/div>\n\t\t\t\t<\/div>\n\t\t\t\t<div class=\"elementor-element elementor-element-3813c57 elementor-widget elementor-widget-text-editor\" data-id=\"3813c57\" data-element_type=\"widget\" data-e-type=\"widget\" data-widget_type=\"text-editor.default\">\n\t\t\t\t<div class=\"elementor-widget-container\">\n\t\t\t\t\t\t\t\t\t<p>Geoplanning took part in the international mining industry trade fair MMH Mining and Mineral Hall in Seville from October 15 to 17, where the benefits of Sonic Drilling technology and wireline drilling for mineral exploration were highlighted.\u00a0<\/p>\t\t\t\t\t\t\t\t<\/div>\n\t\t\t\t<\/div>\n\t\t\t\t<\/div>\n\t\t<div class=\"elementor-element elementor-element-43e3e72 e-con-full e-flex e-con e-child\" data-id=\"43e3e72\" data-element_type=\"container\" data-e-type=\"container\">\n\t\t\t\t<div class=\"elementor-element elementor-element-c81dbb7 elementor-widget elementor-widget-image\" data-id=\"c81dbb7\" data-element_type=\"widget\" data-e-type=\"widget\" data-widget_type=\"image.default\">\n\t\t\t\t<div class=\"elementor-widget-container\">\n\t\t\t\t\t\t\t\t\t\t\t\t\t\t\t<img decoding=\"async\" width=\"611\" height=\"440\" src=\"https:\/\/geoplanning.es\/wp-content\/uploads\/2026\/02\/Geoplanning-en-la-MMH-Mining-and-Mineral-Hall-2024.png\" class=\"attachment-full size-full wp-image-1924\" alt=\"\" srcset=\"https:\/\/geoplanning.es\/wp-content\/uploads\/2026\/02\/Geoplanning-en-la-MMH-Mining-and-Mineral-Hall-2024.png 611w, https:\/\/geoplanning.es\/wp-content\/uploads\/2026\/02\/Geoplanning-en-la-MMH-Mining-and-Mineral-Hall-2024-300x216.png 300w, https:\/\/geoplanning.es\/wp-content\/uploads\/2026\/02\/Geoplanning-en-la-MMH-Mining-and-Mineral-Hall-2024-18x12.png 18w\" sizes=\"(max-width: 611px) 100vw, 611px\" \/>\t\t\t\t\t\t\t\t\t\t\t\t\t\t\t<\/div>\n\t\t\t\t<\/div>\n\t\t\t\t<\/div>\n\t\t\t\t<\/div>\n\t\t\t\t\t<\/div>\n\t\t\t\t<\/div>\n\t\t\t\t<\/div>","protected":false},"excerpt":{"rendered":"<p>Noticias Geoplanning La nueva SONIC DUO se incorpora en el parque de maquinaria de Geoplanning. 25 de marzo de 2025 Geoplanning anuncia una nueva incorporaci\u00f3n en el parque de maquinaria. Nueva SONIC DUO, dotada con Manipal para el manejo de la tuber\u00eda de forma m\u00e1s segura y m\u00e1s ergon\u00f3mica. La ampliaci\u00f3n\/renovaci\u00f3n del parque de maquinaria [&hellip;]<\/p>\n","protected":false},"author":1,"featured_media":0,"parent":0,"menu_order":0,"comment_status":"closed","ping_status":"closed","template":"elementor_header_footer","meta":{"footnotes":""},"class_list":["post-763","page","type-page","status-publish","hentry"],"yoast_head":"<!-- This site is optimized with the Yoast SEO plugin v27.4 - https:\/\/yoast.com\/product\/yoast-seo-wordpress\/ -->\n<title>Noticias - Geoplanning<\/title>\n<meta name=\"robots\" content=\"index, follow, max-snippet:-1, max-image-preview:large, max-video-preview:-1\" \/>\n<link rel=\"canonical\" href=\"https:\/\/geoplanning.es\/en\/news\/\" \/>\n<meta property=\"og:locale\" content=\"en_US\" \/>\n<meta property=\"og:type\" content=\"article\" \/>\n<meta property=\"og:title\" content=\"Noticias - Geoplanning\" \/>\n<meta property=\"og:description\" content=\"Noticias Geoplanning La nueva SONIC DUO se incorpora en el parque de maquinaria de Geoplanning. 25 de marzo de 2025 Geoplanning anuncia una nueva incorporaci\u00f3n en el parque de maquinaria. Nueva SONIC DUO, dotada con Manipal para el manejo de la tuber\u00eda de forma m\u00e1s segura y m\u00e1s ergon\u00f3mica. La ampliaci\u00f3n\/renovaci\u00f3n del parque de maquinaria [&hellip;]\" \/>\n<meta property=\"og:url\" content=\"https:\/\/geoplanning.es\/en\/news\/\" \/>\n<meta property=\"og:site_name\" content=\"Geoplanning\" \/>\n<meta property=\"article:modified_time\" content=\"2026-03-06T12:18:34+00:00\" \/>\n<meta property=\"og:image\" content=\"https:\/\/geoplanning.es\/wp-content\/uploads\/2026\/02\/La-nueva-SONIC-DUO-se-incorpora-en-el-parque-de-maquinaria-de-Geoplanning.png\" \/>\n\t<meta property=\"og:image:width\" content=\"611\" \/>\n\t<meta property=\"og:image:height\" content=\"440\" \/>\n\t<meta property=\"og:image:type\" content=\"image\/png\" \/>\n<meta name=\"twitter:card\" content=\"summary_large_image\" \/>\n<meta name=\"twitter:label1\" content=\"Est. reading time\" \/>\n\t<meta name=\"twitter:data1\" content=\"1 minute\" \/>\n<script type=\"application\/ld+json\" class=\"yoast-schema-graph\">{\"@context\":\"https:\\\/\\\/schema.org\",\"@graph\":[{\"@type\":\"WebPage\",\"@id\":\"https:\\\/\\\/geoplanning.es\\\/noticias\\\/\",\"url\":\"https:\\\/\\\/geoplanning.es\\\/noticias\\\/\",\"name\":\"Noticias - Geoplanning\",\"isPartOf\":{\"@id\":\"https:\\\/\\\/geoplanning.es\\\/#website\"},\"primaryImageOfPage\":{\"@id\":\"https:\\\/\\\/geoplanning.es\\\/noticias\\\/#primaryimage\"},\"image\":{\"@id\":\"https:\\\/\\\/geoplanning.es\\\/noticias\\\/#primaryimage\"},\"thumbnailUrl\":\"https:\\\/\\\/geoplanning.es\\\/wp-content\\\/uploads\\\/2026\\\/02\\\/La-nueva-SONIC-DUO-se-incorpora-en-el-parque-de-maquinaria-de-Geoplanning.png\",\"datePublished\":\"2025-12-05T05:22:46+00:00\",\"dateModified\":\"2026-03-06T12:18:34+00:00\",\"breadcrumb\":{\"@id\":\"https:\\\/\\\/geoplanning.es\\\/noticias\\\/#breadcrumb\"},\"inLanguage\":\"en-US\",\"potentialAction\":[{\"@type\":\"ReadAction\",\"target\":[\"https:\\\/\\\/geoplanning.es\\\/noticias\\\/\"]}]},{\"@type\":\"ImageObject\",\"inLanguage\":\"en-US\",\"@id\":\"https:\\\/\\\/geoplanning.es\\\/noticias\\\/#primaryimage\",\"url\":\"https:\\\/\\\/geoplanning.es\\\/wp-content\\\/uploads\\\/2026\\\/02\\\/La-nueva-SONIC-DUO-se-incorpora-en-el-parque-de-maquinaria-de-Geoplanning.png\",\"contentUrl\":\"https:\\\/\\\/geoplanning.es\\\/wp-content\\\/uploads\\\/2026\\\/02\\\/La-nueva-SONIC-DUO-se-incorpora-en-el-parque-de-maquinaria-de-Geoplanning.png\"},{\"@type\":\"BreadcrumbList\",\"@id\":\"https:\\\/\\\/geoplanning.es\\\/noticias\\\/#breadcrumb\",\"itemListElement\":[{\"@type\":\"ListItem\",\"position\":1,\"name\":\"Home\",\"item\":\"https:\\\/\\\/geoplanning.es\\\/\"},{\"@type\":\"ListItem\",\"position\":2,\"name\":\"Noticias\"}]},{\"@type\":\"WebSite\",\"@id\":\"https:\\\/\\\/geoplanning.es\\\/#website\",\"url\":\"https:\\\/\\\/geoplanning.es\\\/\",\"name\":\"Geoplanning\",\"description\":\"\",\"potentialAction\":[{\"@type\":\"SearchAction\",\"target\":{\"@type\":\"EntryPoint\",\"urlTemplate\":\"https:\\\/\\\/geoplanning.es\\\/?s={search_term_string}\"},\"query-input\":{\"@type\":\"PropertyValueSpecification\",\"valueRequired\":true,\"valueName\":\"search_term_string\"}}],\"inLanguage\":\"en-US\"}]}<\/script>\n<!-- \/ Yoast SEO plugin. -->","yoast_head_json":{"title":"Noticias - Geoplanning","robots":{"index":"index","follow":"follow","max-snippet":"max-snippet:-1","max-image-preview":"max-image-preview:large","max-video-preview":"max-video-preview:-1"},"canonical":"https:\/\/geoplanning.es\/en\/news\/","og_locale":"en_US","og_type":"article","og_title":"Noticias - Geoplanning","og_description":"Noticias Geoplanning La nueva SONIC DUO se incorpora en el parque de maquinaria de Geoplanning. 25 de marzo de 2025 Geoplanning anuncia una nueva incorporaci\u00f3n en el parque de maquinaria. Nueva SONIC DUO, dotada con Manipal para el manejo de la tuber\u00eda de forma m\u00e1s segura y m\u00e1s ergon\u00f3mica. La ampliaci\u00f3n\/renovaci\u00f3n del parque de maquinaria [&hellip;]","og_url":"https:\/\/geoplanning.es\/en\/news\/","og_site_name":"Geoplanning","article_modified_time":"2026-03-06T12:18:34+00:00","og_image":[{"width":611,"height":440,"url":"https:\/\/geoplanning.es\/wp-content\/uploads\/2026\/02\/La-nueva-SONIC-DUO-se-incorpora-en-el-parque-de-maquinaria-de-Geoplanning.png","type":"image\/png"}],"twitter_card":"summary_large_image","twitter_misc":{"Est. reading time":"1 minute"},"schema":{"@context":"https:\/\/schema.org","@graph":[{"@type":"WebPage","@id":"https:\/\/geoplanning.es\/noticias\/","url":"https:\/\/geoplanning.es\/noticias\/","name":"Noticias - Geoplanning","isPartOf":{"@id":"https:\/\/geoplanning.es\/#website"},"primaryImageOfPage":{"@id":"https:\/\/geoplanning.es\/noticias\/#primaryimage"},"image":{"@id":"https:\/\/geoplanning.es\/noticias\/#primaryimage"},"thumbnailUrl":"https:\/\/geoplanning.es\/wp-content\/uploads\/2026\/02\/La-nueva-SONIC-DUO-se-incorpora-en-el-parque-de-maquinaria-de-Geoplanning.png","datePublished":"2025-12-05T05:22:46+00:00","dateModified":"2026-03-06T12:18:34+00:00","breadcrumb":{"@id":"https:\/\/geoplanning.es\/noticias\/#breadcrumb"},"inLanguage":"en-US","potentialAction":[{"@type":"ReadAction","target":["https:\/\/geoplanning.es\/noticias\/"]}]},{"@type":"ImageObject","inLanguage":"en-US","@id":"https:\/\/geoplanning.es\/noticias\/#primaryimage","url":"https:\/\/geoplanning.es\/wp-content\/uploads\/2026\/02\/La-nueva-SONIC-DUO-se-incorpora-en-el-parque-de-maquinaria-de-Geoplanning.png","contentUrl":"https:\/\/geoplanning.es\/wp-content\/uploads\/2026\/02\/La-nueva-SONIC-DUO-se-incorpora-en-el-parque-de-maquinaria-de-Geoplanning.png"},{"@type":"BreadcrumbList","@id":"https:\/\/geoplanning.es\/noticias\/#breadcrumb","itemListElement":[{"@type":"ListItem","position":1,"name":"Home","item":"https:\/\/geoplanning.es\/"},{"@type":"ListItem","position":2,"name":"Noticias"}]},{"@type":"WebSite","@id":"https:\/\/geoplanning.es\/#website","url":"https:\/\/geoplanning.es\/","name":"Geoplanning","description":"","potentialAction":[{"@type":"SearchAction","target":{"@type":"EntryPoint","urlTemplate":"https:\/\/geoplanning.es\/?s={search_term_string}"},"query-input":{"@type":"PropertyValueSpecification","valueRequired":true,"valueName":"search_term_string"}}],"inLanguage":"en-US"}]}},"_links":{"self":[{"href":"https:\/\/geoplanning.es\/en\/wp-json\/wp\/v2\/pages\/763","targetHints":{"allow":["GET"]}}],"collection":[{"href":"https:\/\/geoplanning.es\/en\/wp-json\/wp\/v2\/pages"}],"about":[{"href":"https:\/\/geoplanning.es\/en\/wp-json\/wp\/v2\/types\/page"}],"author":[{"embeddable":true,"href":"https:\/\/geoplanning.es\/en\/wp-json\/wp\/v2\/users\/1"}],"replies":[{"embeddable":true,"href":"https:\/\/geoplanning.es\/en\/wp-json\/wp\/v2\/comments?post=763"}],"version-history":[{"count":0,"href":"https:\/\/geoplanning.es\/en\/wp-json\/wp\/v2\/pages\/763\/revisions"}],"wp:attachment":[{"href":"https:\/\/geoplanning.es\/en\/wp-json\/wp\/v2\/media?parent=763"}],"curies":[{"name":"wp","href":"https:\/\/api.w.org\/{rel}","templated":true}]}}